{"id":1067,"date":"2026-01-21T23:14:35","date_gmt":"2026-01-21T23:14:35","guid":{"rendered":"http:\/\/psycristrance.com\/home\/"},"modified":"2026-02-18T21:14:25","modified_gmt":"2026-02-18T21:14:25","slug":"inicio","status":"publish","type":"page","link":"https:\/\/psycristrance.com\/en\/","title":{"rendered":"Inicio"},"content":{"rendered":"<div class=\"wp-block-uagb-container uagb-block-a7522434 alignfull uagb-is-root-container\">\n<div class=\"wp-block-uagb-advanced-heading uagb-block-7c75d47e\"><h6 class=\"uagb-heading-text\">San Cristobal de las Casas, chiapas, m\u00e8xico<\/h6><\/div>\n\n\n\n<div class=\"wp-block-uagb-info-box uagb-block-a8b6bac7 uagb-infobox__content-wrap  uagb-infobox-icon-above-title uagb-infobox-image-valign-top\"><div class=\"uagb-ifb-content\"><div class=\"uagb-ifb-title-wrap\"><h1 class=\"uagb-ifb-title\">1 al 5 de abril 2026<\/h1><\/div><\/div><\/div>\n\n\n\n<div class=\"wp-block-uagb-buttons uagb-buttons__outer-wrap uagb-btn__default-btn uagb-btn-tablet__default-btn uagb-btn-mobile__default-btn uagb-block-02898d21\"><div class=\"uagb-buttons__wrap uagb-buttons-layout-wrap\">\n<div class=\"wp-block-uagb-buttons-child uagb-buttons__outer-wrap uagb-block-b4b5d239 wp-block-button\"><div class=\"uagb-button__wrapper\"><a class=\"uagb-buttons-repeater wp-block-button__link\" aria-label=\"\" href=\"https:\/\/psycristrance.com\/en\/accesos\/\" rel=\"follow noopener\" target=\"_blank\" role=\"button\"><div class=\"uagb-button__link\">comprar accesos<\/div><\/a><\/div><\/div>\n<\/div><\/div>\n\n\n\n<div class=\"wp-block-uagb-buttons uagb-buttons__outer-wrap uagb-btn__default-btn uagb-btn-tablet__default-btn uagb-btn-mobile__default-btn uagb-block-46c306c7\"><div class=\"uagb-buttons__wrap uagb-buttons-layout-wrap\">\n<div class=\"wp-block-uagb-buttons-child uagb-buttons__outer-wrap uagb-block-26c37839 wp-block-button\"><div class=\"uagb-button__wrapper\"><a class=\"uagb-buttons-repeater wp-block-button__link\" aria-label=\"\" href=\"https:\/\/psycristrance.com\/en\/info\/\" rel=\"follow noopener\" target=\"_self\" role=\"button\"><div class=\"uagb-button__link\">informaci\u00f3n general<\/div><\/a><\/div><\/div>\n<\/div><\/div>\n<\/div>\n\n\n\n<div class=\"wp-block-uagb-container uagb-block-ef312453 alignfull uagb-is-root-container\"><div class=\"uagb-container-inner-blocks-wrap\">\n<div class=\"wp-block-uagb-countdown uagb-block-f58ae255\"><div class=\"wp-block-uagb-countdown__box wp-block-uagb-countdown__box-days\"><div role=\"timer\" aria-live=\"off\" class=\"wp-block-uagb-countdown__time wp-block-uagb-countdown__time-days\">&#8211;<\/div><div class=\"wp-block-uagb-countdown__label\">DIAS<\/div><\/div><div class=\"wp-block-uagb-countdown__box wp-block-uagb-countdown__box-hours\"><div role=\"timer\" aria-live=\"off\" class=\"wp-block-uagb-countdown__time wp-block-uagb-countdown__time-hours\">&#8211;<\/div><div class=\"wp-block-uagb-countdown__label\">HORAS<\/div><\/div><div class=\"wp-block-uagb-countdown__box wp-block-uagb-countdown__box-minutes\"><div role=\"timer\" aria-live=\"off\" class=\"wp-block-uagb-countdown__time wp-block-uagb-countdown__time-minutes\">&#8211;<\/div><div class=\"wp-block-uagb-countdown__label\">MINUTOS<\/div><\/div><div class=\"wp-block-uagb-countdown__box wp-block-uagb-countdown__box-seconds\"><div role=\"timer\" aria-live=\"off\" class=\"wp-block-uagb-countdown__time wp-block-uagb-countdown__time-seconds\">&#8211;<\/div><div class=\"wp-block-uagb-countdown__label\">SEGUNDOS<\/div><\/div><\/div>\n\n\n\n<div class=\"wp-block-uagb-container uagb-block-b554a3a8 alignfull uagb-is-root-container\"><div class=\"uagb-container-inner-blocks-wrap\">\n<div data-aos= \"fade\" data-aos-duration=\"400\" data-aos-delay=\"0\" data-aos-easing=\"ease\" data-aos-once=\"true\" class=\"wp-block-uagb-container uagb-block-615c5aff\">\n<div class=\"wp-block-uagb-container uagb-block-8383f171\">\n<div class=\"wp-block-uagb-advanced-heading uagb-block-c29ae029\"><h2 class=\"uagb-heading-text\">LINE UP<\/h2><\/div>\n\n\n\n<div style=\"height:62px\" aria-hidden=\"true\" class=\"wp-block-spacer\"><\/div>\n\n\n\n<div class=\"wp-block-buttons is-content-justification-center is-layout-flex wp-container-core-buttons-is-layout-a89b3969 wp-block-buttons-is-layout-flex\">\n<div class=\"wp-block-button has-custom-width wp-block-button__width-50 is-style-fill\"><a class=\"wp-block-button__link has-small-font-size has-text-align-center has-custom-font-size wp-element-button\" href=\"https:\/\/psycristrance.com\/en\/kukulkan-stage\/\" style=\"border-style:none;border-width:0px;border-top-left-radius:50px;border-top-right-radius:50px;border-bottom-left-radius:50px;border-bottom-right-radius:50px\">Kukulk\u00e1n Stage<\/a><\/div>\n\n\n\n<div class=\"wp-block-button has-custom-width wp-block-button__width-50 is-style-fill\"><a class=\"wp-block-button__link has-small-font-size has-text-align-center has-custom-font-size wp-element-button\" href=\"https:\/\/psycristrance.com\/en\/ix-balam-stage\/\" style=\"border-style:none;border-width:0px;border-top-left-radius:50px;border-top-right-radius:50px;border-bottom-left-radius:50px;border-bottom-right-radius:50px\">Ix Balam Stage<\/a><\/div>\n<\/div>\n<\/div>\n<\/div>\n\n\n\n<div data-aos= \"fade\" data-aos-duration=\"400\" data-aos-delay=\"0\" data-aos-easing=\"ease\" data-aos-once=\"true\" class=\"wp-block-uagb-container uagb-block-662f7c2c\">\n<div class=\"wp-block-uagb-container uagb-block-3136d9e4\">\n<div class=\"wp-block-uagb-advanced-heading uagb-block-689c4d2c\"><h2 class=\"uagb-heading-text\">comprar accesos<\/h2><\/div>\n\n\n\n<div style=\"height:44px\" aria-hidden=\"true\" class=\"wp-block-spacer\"><\/div>\n\n\n\n<div class=\"wp-block-buttons is-content-justification-center is-layout-flex wp-container-core-buttons-is-layout-a89b3969 wp-block-buttons-is-layout-flex\">\n<div class=\"wp-block-button\"><a class=\"wp-block-button__link has-text-align-center wp-element-button\" href=\"https:\/\/psycristrance.com\/en\/accesos\/\">comprar<\/a><\/div>\n<\/div>\n<\/div>\n<\/div>\n\n\n\n<div data-aos= \"fade\" data-aos-duration=\"400\" data-aos-delay=\"0\" data-aos-easing=\"ease\" data-aos-once=\"true\" class=\"wp-block-uagb-container uagb-block-b397b2a0\">\n<div class=\"wp-block-uagb-container uagb-block-de185cb1\">\n<div class=\"wp-block-uagb-advanced-heading uagb-block-331ed797\"><h2 class=\"uagb-heading-text\">info general<\/h2><\/div>\n\n\n\n<div style=\"height:40px\" aria-hidden=\"true\" class=\"wp-block-spacer\"><\/div>\n\n\n\n<div class=\"wp-block-buttons is-content-justification-center is-layout-flex wp-container-core-buttons-is-layout-a89b3969 wp-block-buttons-is-layout-flex\">\n<div class=\"wp-block-button\"><a class=\"wp-block-button__link has-text-align-center wp-element-button\" href=\"https:\/\/psycristrance.com\/en\/info\/\">ver mas<\/a><\/div>\n<\/div>\n<\/div>\n<\/div>\n<\/div><\/div>\n\n\n\n<div class=\"wp-block-uagb-container uagb-block-fbda2a25 alignfull uagb-is-root-container\">\n<div class=\"wp-block-uagb-container uagb-block-1303e113\">\n<div class=\"wp-block-uagb-advanced-heading uagb-block-2918d69c\"><h6 class=\"uagb-heading-text\"><strong>PSYCHEDELIC GATHERING \u00b7 SAN CRIST\u00d3BAL DE LAS CASAS<\/strong><\/h6><\/div>\n\n\n\n<div class=\"wp-block-uagb-advanced-heading uagb-block-5954ded8\"><h2 class=\"uagb-heading-text\"><strong>el hogar del trance<\/strong><\/h2><p class=\"uagb-desc-text\">Psy San Cris Trance nace del encuentro entre la m\u00fasica psicod\u00e9lica y un territorio ancestral.<br><\/p><\/div>\n\n\n\n<div class=\"wp-block-uagb-advanced-heading uagb-block-b805f5a9\"><p class=\"uagb-desc-text\">No surge como un evento comercial, sino como un <strong>ritual contempor\u00e1neo<\/strong>, una respuesta colectiva a la necesidad de reconectar con la tierra, con el cuerpo y con la conciencia.<br>Inspirado en la historia global del psytrance \u2014desde Goa hasta las selvas del sur\u2014 este proyecto toma forma en los Altos de Chiapas, donde la cosmovisi\u00f3n ind\u00edgena, la niebla, el bosque y el silencio crean el espacio perfecto para la expansi\u00f3n sonora y espiritual.<\/p><\/div>\n\n\n\n<div class=\"wp-block-uagb-buttons uagb-buttons__outer-wrap uagb-btn__default-btn uagb-btn-tablet__default-btn uagb-btn-mobile__default-btn uagb-block-583abd0c\"><div class=\"uagb-buttons__wrap uagb-buttons-layout-wrap\">\n<div class=\"wp-block-uagb-buttons-child uagb-buttons__outer-wrap uagb-block-6692b783 wp-block-button\"><div class=\"uagb-button__wrapper\"><a class=\"uagb-buttons-repeater wp-block-button__link\" aria-label=\"\" href=\"https:\/\/psycristrance.com\/en\/el-hogar-del-trance\/\" rel=\"follow noopener\" target=\"_self\" role=\"button\"><div class=\"uagb-button__link\">leer mas<\/div><span class=\"uagb-button__icon uagb-button__icon-position-after\"><svg xmlns=\"https:\/\/www.w3.org\/2000\/svg\" viewbox=\"0 0 256 512\" aria-hidden=\"true\" focussable=\"false\"><path d=\"M118.6 105.4l128 127.1C252.9 239.6 256 247.8 256 255.1s-3.125 16.38-9.375 22.63l-128 127.1c-9.156 9.156-22.91 11.9-34.88 6.943S64 396.9 64 383.1V128c0-12.94 7.781-24.62 19.75-29.58S109.5 96.23 118.6 105.4z\"><\/path><\/svg><\/span><\/a><\/div><\/div>\n<\/div><\/div>\n<\/div>\n\n\n\n<div data-aos= \"fade\" data-aos-duration=\"400\" data-aos-delay=\"0\" data-aos-easing=\"ease\" data-aos-once=\"true\" class=\"wp-block-uagb-container uagb-block-cc8d1e81\"><\/div>\n<\/div>\n\n\n\n<div class=\"wp-block-uagb-container uagb-block-dcb4494e\">\n<div class=\"wp-block-uagb-advanced-heading uagb-block-041fca8e\"><h3 class=\"uagb-heading-text\">Experiencia musical, ritual, psicod\u00e9lia y arte<\/h3><\/div>\n<\/div>\n\n\n\n<div class=\"wp-block-columns is-layout-flex wp-container-core-columns-is-layout-28f84493 wp-block-columns-is-layout-flex\">\n<div class=\"wp-block-column is-layout-flow wp-block-column-is-layout-flow\">\n<div class=\"wp-block-uagb-container uagb-block-ce20ea45\">\n<div class=\"wp-block-uagb-container uagb-block-97794040\"><\/div>\n\n\n\n<div class=\"wp-block-uagb-advanced-heading uagb-block-5035f41e\"><h4 class=\"uagb-heading-text\"><a href=\"https:\/\/psycristrance.com\/en\/talleres\/\" data-type=\"page\" data-id=\"2562\">talleres<\/a><\/h4><\/div>\n\n\n\n<p class=\"has-text-align-center has-ast-global-color-2-color has-text-color has-link-color wp-elements-295de994b904fccab269dcaf15c0ce19\">Los talleres en <strong>Psy San Cris Trance<\/strong> son espacios vivos de aprendizaje, exploraci\u00f3n y encuentro. Aqu\u00ed el conocimiento se comparte en c\u00edrculo: pr\u00e1cticas de bienestar, movimiento consciente, arte, ecolog\u00eda, espiritualidad y herramientas para la vida comunitaria se integran al pulso del festival. <br><br>No son actividades paralelas, sino parte esencial del ritual: momentos para expandir la mente, habitar el cuerpo y sembrar nuevas formas de pensar y sentir en colectivo.<\/p>\n<\/div>\n<\/div>\n\n\n\n<div class=\"wp-block-column is-vertically-aligned-top is-layout-flow wp-block-column-is-layout-flow\">\n<div class=\"wp-block-uagb-container uagb-block-df27d855\">\n<div class=\"wp-block-uagb-container uagb-block-4b158b17\"><\/div>\n\n\n\n<div class=\"wp-block-uagb-advanced-heading uagb-block-4d2ed903\"><h4 class=\"uagb-heading-text\"><a href=\"https:\/\/psycristrance.com\/en\/conferencias\/\" data-type=\"page\" data-id=\"2594\">conferencias<\/a><\/h4><\/div>\n\n\n\n<p class=\"has-text-align-center has-ast-global-color-2-color has-text-color has-link-color wp-elements-ecf6dbb86c539baecbac4ed0b0d008ea\">Las conferencias en <strong>Psy San Cris Trance<\/strong> abren un espacio para la palabra, la reflexi\u00f3n y el intercambio de ideas. Investigadores, artistas, activistas y guardianes de saberes comparten perspectivas sobre cultura psicod\u00e9lica, sustentabilidad, cosmovisi\u00f3n ancestral, tecnolog\u00eda consciente y transformaci\u00f3n social.<br><br> Son encuentros donde la mente tambi\u00e9n baila: di\u00e1logos que expanden la comprensi\u00f3n y conectan el conocimiento contempor\u00e1neo con la sabidur\u00eda profunda del territorio.<\/p>\n<\/div>\n<\/div>\n\n\n\n<div class=\"wp-block-column is-vertically-aligned-top is-layout-flow wp-block-column-is-layout-flow\">\n<div class=\"wp-block-uagb-container uagb-block-8a9bd065\">\n<div class=\"wp-block-uagb-container uagb-block-7aea8977\"><\/div>\n\n\n\n<div class=\"wp-block-uagb-advanced-heading uagb-block-8e7ff062\"><h4 class=\"uagb-heading-text\"><a href=\"https:\/\/psycristrance.com\/en\/exposiciones\/\" data-type=\"page\" data-id=\"2639\">exposiciones<\/a><\/h4><\/div>\n\n\n\n<p class=\"has-text-align-center\">Las exposiciones en <strong>Psy San Cris Trance<\/strong> transforman el festival en una galer\u00eda viva e inmersiva. Instalaciones visuales, arte psicod\u00e9lico, piezas sonoras, intervenciones lum\u00ednicas y obras interactivas dialogan con la naturaleza y la energ\u00eda colectiva. Cada creaci\u00f3n es una puerta sensorial: una invitaci\u00f3n a detenerse, observar y sentir. <br><br>Aqu\u00ed el arte no se contempla desde afuera; se atraviesa, se habita y se convierte en parte del ritual compartido.<\/p>\n<\/div>\n<\/div>\n<\/div>\n\n\n\n<div style=\"height:40px\" aria-hidden=\"true\" class=\"wp-block-spacer\"><\/div>\n\n\n\n<div class=\"wp-block-uagb-container uagb-block-fc4a3ea7\">\n<div class=\"wp-block-uagb-call-to-action uagb-block-95cd21cd wp-block-button\"><div class=\"uagb-cta__wrap\"><h3 class=\"uagb-cta__title\">adquiere tus accesos con tiempo<\/h3><p class=\"uagb-cta__desc\">Los accesos a Psycristrance se liberan por <strong>fases de venta<\/strong>, con cupo limitado en cada una. Asegurar tu entrada en las primeras fases te permite acceder a un mejor precio y garantizar tu lugar en el festival. <strong>Elige tu fase, adquiere tu acceso y prep\u00e1rate para vivir cinco d\u00edas de m\u00fasica, ritual y comunidad.<\/strong><\/p><\/div><div class=\"uagb-cta__buttons\"><a href=\"https:\/\/psycristrance.com\/en\/accesos\/\" class=\"uagb-cta__button-link-wrapper wp-block-button__link\" target=\"_blank\" rel=\"noopener noreferrer\">COMPRAR ACCESOS<svg xmlns=\"https:\/\/www.w3.org\/2000\/svg\" viewbox=\"0 0 576 512\"><path d=\"M128 160H448V352H128V160zM512 64C547.3 64 576 92.65 576 128V208C549.5 208 528 229.5 528 256C528 282.5 549.5 304 576 304V384C576 419.3 547.3 448 512 448H64C28.65 448 0 419.3 0 384V304C26.51 304 48 282.5 48 256C48 229.5 26.51 208 0 208V128C0 92.65 28.65 64 64 64H512zM96 352C96 369.7 110.3 384 128 384H448C465.7 384 480 369.7 480 352V160C480 142.3 465.7 128 448 128H128C110.3 128 96 142.3 96 160V352z\"><\/path><\/svg><\/a><\/div><\/div>\n<\/div>\n\n\n\n<div class=\"wp-block-columns is-layout-flex wp-container-core-columns-is-layout-28f84493 wp-block-columns-is-layout-flex\">\n<div class=\"wp-block-column is-layout-flow wp-block-column-is-layout-flow\">\n<div style=\"height:45px\" aria-hidden=\"true\" class=\"wp-block-spacer\"><\/div>\n<\/div>\n<\/div>\n\n\n\n<div class=\"wp-block-uagb-container uagb-block-51929191\">\n<div class=\"wp-block-columns is-layout-flex wp-container-core-columns-is-layout-28f84493 wp-block-columns-is-layout-flex\">\n<div class=\"wp-block-column is-layout-flow wp-block-column-is-layout-flow\" style=\"flex-basis:100%\">\n<div class=\"wp-block-columns is-layout-flex wp-container-core-columns-is-layout-28f84493 wp-block-columns-is-layout-flex\">\n<div class=\"wp-block-column is-layout-flow wp-block-column-is-layout-flow\">\n<div class=\"wp-block-uagb-advanced-heading uagb-block-da6bd0e3\"><h2 class=\"uagb-heading-text\"><strong>SONIDOS QUE ABREN EL VIAJE<\/strong><\/h2><\/div>\n\n\n\n<div style=\"height:26px\" aria-hidden=\"true\" class=\"wp-block-spacer\"><\/div>\n\n\n\n<p class=\"has-text-align-center\">Explora una selecci\u00f3n de sets y proyectos que forman la esencia sonora de Psycristrance. Estas frecuencias anticipan el viaje musical del festival y reflejan la energ\u00eda, el ritmo y la profundidad que se vivir\u00e1n durante cinco d\u00edas de experiencia colectiva.<br><br><\/p>\n<\/div>\n\n\n\n<div class=\"wp-block-column is-layout-flow wp-block-column-is-layout-flow\">\n<figure class=\"wp-block-embed is-type-rich is-provider-soundcloud wp-block-embed-soundcloud wp-embed-aspect-4-3 wp-has-aspect-ratio\"><div class=\"wp-block-embed__wrapper\">\n<iframe loading=\"lazy\" title=\"Festival PsyCrisTrance\" width=\"500\" height=\"450\" scrolling=\"no\" frameborder=\"no\" src=\"https:\/\/w.soundcloud.com\/player\/?visual=true&#038;url=https%3A%2F%2Fapi.soundcloud.com%2Fusers%2F944115208&#038;show_artwork=true&#038;maxheight=750&#038;maxwidth=500\"><\/iframe>\n<\/div><\/figure>\n<\/div>\n<\/div>\n<\/div>\n<\/div>\n<\/div>\n<\/div><\/div>","protected":false},"excerpt":{"rendered":"<p>San Cristobal de las Casas, chiapas, m\u00e8xico LINE UP comprar accesos info general PSYCHEDELIC GATHERING \u00b7 SAN CRIST\u00d3BAL DE LAS CASAS el hogar del trance Psy San Cris Trance nace del encuentro entre la m\u00fasica psicod\u00e9lica y un territorio ancestral. No surge como un evento comercial, sino como un ritual contempor\u00e1neo, una respuesta colectiva a [&hellip;]<\/p>\n","protected":false},"author":1,"featured_media":2112,"parent":0,"menu_order":0,"comment_status":"closed","ping_status":"closed","template":"","meta":{"_uag_custom_page_level_css":"","site-sidebar-layout":"default","site-content-layout":"page-builder","ast-site-content-layout":"full-width-container","site-content-style":"unboxed","site-sidebar-style":"unboxed","ast-global-header-display":"","ast-banner-title-visibility":"","ast-main-header-display":"","ast-hfb-above-header-display":"","ast-hfb-below-header-display":"","ast-hfb-mobile-header-display":"","site-post-title":"disabled","ast-breadcrumbs-content":"","ast-featured-img":"","footer-sml-layout":"","ast-disable-related-posts":"","theme-transparent-header-meta":"enabled","adv-header-id-meta":"","stick-header-meta":"","header-above-stick-meta":"","header-main-stick-meta":"","header-below-stick-meta":"","astra-migrate-meta-layouts":"set","ast-page-background-enabled":"default","ast-page-background-meta":{"desktop":{"background-color":"","background-image":"","background-repeat":"repeat","background-position":"center center","background-size":"auto","background-attachment":"scroll","background-type":"","background-media":"","overlay-type":"","overlay-color":"","overlay-opacity":"","overlay-gradient":""},"tablet":{"background-color":"","background-image":"","background-repeat":"repeat","background-position":"center center","background-size":"auto","background-attachment":"scroll","background-type":"","background-media":"","overlay-type":"","overlay-color":"","overlay-opacity":"","overlay-gradient":""},"mobile":{"background-color":"","background-image":"","background-repeat":"repeat","background-position":"center center","background-size":"auto","background-attachment":"scroll","background-type":"","background-media":"","overlay-type":"","overlay-color":"","overlay-opacity":"","overlay-gradient":""}},"ast-content-background-meta":{"desktop":{"background-color":"var(--ast-global-color-4)","background-image":"","background-repeat":"repeat","background-position":"center center","background-size":"auto","background-attachment":"scroll","background-type":"","background-media":"","overlay-type":"","overlay-color":"","overlay-opacity":"","overlay-gradient":""},"tablet":{"background-color":"var(--ast-global-color-4)","background-image":"","background-repeat":"repeat","background-position":"center center","background-size":"auto","background-attachment":"scroll","background-type":"","background-media":"","overlay-type":"","overlay-color":"","overlay-opacity":"","overlay-gradient":""},"mobile":{"background-color":"var(--ast-global-color-4)","background-image":"","background-repeat":"repeat","background-position":"center center","background-size":"auto","background-attachment":"scroll","background-type":"","background-media":"","overlay-type":"","overlay-color":"","overlay-opacity":"","overlay-gradient":""}},"footnotes":""},"class_list":["post-1067","page","type-page","status-publish","has-post-thumbnail","hentry"],"_hostinger_reach_plugin_has_subscription_block":false,"_hostinger_reach_plugin_is_elementor":false,"uagb_featured_image_src":{"full":["https:\/\/psycristrance.com\/wp-content\/uploads\/2026\/01\/psycristrance-logo-web.jpg",1920,1005,false],"thumbnail":["https:\/\/psycristrance.com\/wp-content\/uploads\/2026\/01\/psycristrance-logo-web-150x150.jpg",150,150,true],"medium":["https:\/\/psycristrance.com\/wp-content\/uploads\/2026\/01\/psycristrance-logo-web-300x157.jpg",300,157,true],"medium_large":["https:\/\/psycristrance.com\/wp-content\/uploads\/2026\/01\/psycristrance-logo-web-768x402.jpg",768,402,true],"large":["https:\/\/psycristrance.com\/wp-content\/uploads\/2026\/01\/psycristrance-logo-web-1024x536.jpg",1024,536,true],"1536x1536":["https:\/\/psycristrance.com\/wp-content\/uploads\/2026\/01\/psycristrance-logo-web-1536x804.jpg",1536,804,true],"2048x2048":["https:\/\/psycristrance.com\/wp-content\/uploads\/2026\/01\/psycristrance-logo-web.jpg",1920,1005,false],"trp-custom-language-flag":["https:\/\/psycristrance.com\/wp-content\/uploads\/2026\/01\/psycristrance-logo-web.jpg",18,9,false],"mailpoet_newsletter_max":["https:\/\/psycristrance.com\/wp-content\/uploads\/2026\/01\/psycristrance-logo-web.jpg",1320,691,false],"_nx_notification_thumb_100_100":["https:\/\/psycristrance.com\/wp-content\/uploads\/2026\/01\/psycristrance-logo-web.jpg",100,52,false],"_nx_notification_thumb_200_200":["https:\/\/psycristrance.com\/wp-content\/uploads\/2026\/01\/psycristrance-logo-web.jpg",200,105,false],"_nx_notification_thumb_300_300":["https:\/\/psycristrance.com\/wp-content\/uploads\/2026\/01\/psycristrance-logo-web.jpg",300,157,false],"_nx_notification_thumb_400_400":["https:\/\/psycristrance.com\/wp-content\/uploads\/2026\/01\/psycristrance-logo-web.jpg",400,209,false],"_nx_notification_thumb_500_500":["https:\/\/psycristrance.com\/wp-content\/uploads\/2026\/01\/psycristrance-logo-web.jpg",500,262,false],"eaw-thumbnail":["https:\/\/psycristrance.com\/wp-content\/uploads\/2026\/01\/psycristrance-logo-web.jpg",45,24,false]},"uagb_author_info":{"display_name":"psycristrancemx@proton.mx","author_link":"https:\/\/psycristrance.com\/en\/author\/psycristrancemxproton-mx\/"},"uagb_comment_info":0,"uagb_excerpt":"San Cristobal de las Casas, chiapas, m\u00e8xico LINE UP comprar accesos info general PSYCHEDELIC GATHERING \u00b7 SAN CRIST\u00d3BAL DE LAS CASAS el hogar del trance Psy San Cris Trance nace del encuentro entre la m\u00fasica psicod\u00e9lica y un territorio ancestral. No surge como un evento comercial, sino como un ritual contempor\u00e1neo, una respuesta colectiva a&hellip;","_links":{"self":[{"href":"https:\/\/psycristrance.com\/en\/wp-json\/wp\/v2\/pages\/1067","targetHints":{"allow":["GET"]}}],"collection":[{"href":"https:\/\/psycristrance.com\/en\/wp-json\/wp\/v2\/pages"}],"about":[{"href":"https:\/\/psycristrance.com\/en\/wp-json\/wp\/v2\/types\/page"}],"author":[{"embeddable":true,"href":"https:\/\/psycristrance.com\/en\/wp-json\/wp\/v2\/users\/1"}],"replies":[{"embeddable":true,"href":"https:\/\/psycristrance.com\/en\/wp-json\/wp\/v2\/comments?post=1067"}],"version-history":[{"count":95,"href":"https:\/\/psycristrance.com\/en\/wp-json\/wp\/v2\/pages\/1067\/revisions"}],"predecessor-version":[{"id":2864,"href":"https:\/\/psycristrance.com\/en\/wp-json\/wp\/v2\/pages\/1067\/revisions\/2864"}],"wp:featuredmedia":[{"embeddable":true,"href":"https:\/\/psycristrance.com\/en\/wp-json\/wp\/v2\/media\/2112"}],"wp:attachment":[{"href":"https:\/\/psycristrance.com\/en\/wp-json\/wp\/v2\/media?parent=1067"}],"curies":[{"name":"wp","href":"https:\/\/api.w.org\/{rel}","templated":true}]}}