{"id":1070,"date":"2026-01-21T23:14:35","date_gmt":"2026-01-21T23:14:35","guid":{"rendered":"http:\/\/psycristrance.com\/about-us\/"},"modified":"2026-03-10T08:34:40","modified_gmt":"2026-03-10T14:34:40","slug":"escenarios-psycristrance-2026","status":"publish","type":"page","link":"https:\/\/psycristrance.com\/en\/escenarios-psycristrance-2026\/","title":{"rendered":"Escenarios Psycristrance 2026"},"content":{"rendered":"<div class=\"wp-block-uagb-container uagb-block-59604d4f alignwide uagb-is-root-container\">\n<div class=\"wp-block-uagb-container uagb-block-53e8b310\">\n<div class=\"wp-block-uagb-advanced-heading uagb-block-174ef4e4\"><h1 class=\"uagb-heading-text\">Escenarios psycristrance 2026<\/h1><\/div>\n\n\n\n<div class=\"wp-block-uagb-advanced-heading uagb-block-b5c29a6e\"><h4 class=\"uagb-heading-text\">Portales de frecuencia<\/h4><\/div>\n\n\n\n<div class=\"wp-block-uagb-container uagb-block-a98f4694\">\n<p>Los escenarios de <strong>Psy San Cris Trance<\/strong> no son solo estructuras: son portales energ\u00e9ticos dise\u00f1ados para sostener el viaje sonoro y colectivo. Cada stage tiene su identidad, su atm\u00f3sfera y su narrativa musical, desde el psytrance profundo y nocturno hasta las vibraciones progresivas y experimentales. Rodeados de bosque y cielo abierto, los escenarios se convierten en templos de ritmo donde la luz, el arte visual y el sonido se fusionan para crear una experiencia inmersiva que atraviesa el cuerpo y expande la conciencia.<br><\/p>\n<\/div>\n<\/div>\n<\/div>\n\n\n\n<div class=\"wp-block-uagb-container uagb-block-1b376f9f default uagb-is-root-container\">\n<div class=\"wp-block-uagb-container uagb-block-7767b4fa\">\n<div class=\"wp-block-uagb-container uagb-block-04354e37 alignfull uagb-is-root-container\"><div class=\"uagb-container-inner-blocks-wrap\">\n<div class=\"wp-block-uagb-container uagb-block-a2429a7c\">\n<div class=\"wp-block-uagb-advanced-heading uagb-block-0df2a4e1\"><h6 class=\"uagb-heading-text\">musica<\/h6><\/div>\n\n\n\n<h2 class=\"wp-block-heading has-large-font-size\"><strong>Kukulk\u00e1n<\/strong> <strong>Stage<\/strong><\/h2>\n\n\n\n<div class=\"wp-block-uagb-advanced-heading uagb-block-d23b9d89\"><\/div>\n\n\n\n<p>El <strong>Kukulk\u00e1n Stage<\/strong> es el escenario donde la serpiente emplumada se manifiesta en forma de ritmo, expansi\u00f3n y energ\u00eda en movimiento. Dedicado a las vertientes m\u00e1s din\u00e1micas, psicod\u00e9licas y expansivas del psytrance, este espacio celebra el pulso vital de la pista, la comuni\u00f3n colectiva y el viaje continuo entre lo terrenal y lo c\u00f3smico. Kukulk\u00e1n representa el ascenso, la transformaci\u00f3n y el flujo constante de la danza.<\/p>\n\n\n\n<p>En este escenario convergen proyectos y DJs que sostienen la intensidad y diversidad sonora del festival, entre ellos <strong>Koxbox, Electrypnose, Eat Static, Audiopathik, Archaic, zoolog, Zombie Scream, Zigoon, Yara, Axobya, Xolotl, White Widow, Ugly Ducky, Telepathic Creatures, Team Energy, Seno, Symbiote &amp; Wayseer, Row gringo yobo, Oginok, Oksha, Sr One, Spinal Fusion, Shove, Shanty vs deedrah, Sev, Selective Mood, Satori, Rou, Oginok, Penta, Philoso, Once Upon A Time, Oksha, Nocturne Creatures, Night Birds, Mucora, Mind Oscillation, Michael Banel, Mexican armada, Maramba, Maiko, LuliO, Logic Psycho, Last Wave, Kick The System, Ipod Head, Ingraval, Wuichol, Holon, Heyzer, Hamelin, Gandhabba, Gadikt, Fantazma, Fagin\u00b4s Reject, Emok, Eeriegeist, Energetic Soul, Tool Head, Maiko, DJ Paula, Dj Dcosmic, Dundoo, Cosmic Energy, Cocodrilo, Back To Mars, annoyingninjas, Animated Zone, Agressive Mood, Abstract Machine, Wuichol, JANGARAMONGARA, Scurza, Back to mars, D3Vil<\/strong>.<\/p>\n\n\n\n<p>El Kukulk\u00e1n Stage no es solo un punto de escucha: es un v\u00f3rtice de energ\u00eda ascendente donde la m\u00fasica impulsa el cuerpo, abre la percepci\u00f3n y mantiene viva la danza como lenguaje ritual y celebraci\u00f3n colectiva.<\/p>\n\n\n\n<div class=\"wp-block-buttons is-layout-flex wp-block-buttons-is-layout-flex\">\n<div class=\"wp-block-button\"><a class=\"wp-block-button__link wp-element-button\" href=\"https:\/\/psycristrance.com\/en\/kukulkan-stage\/\">IR AL ESCENARIO KUKULKAN<\/a><\/div>\n<\/div>\n<\/div>\n\n\n\n<div class=\"wp-block-uagb-container uagb-block-6bfee9e6\">\n<div class=\"wp-block-uagb-image alignleft uagb-block-26f43574 wp-block-uagb-image--layout-default wp-block-uagb-image--effect-static wp-block-uagb-image--align-left\"><figure class=\"wp-block-uagb-image__figure\"><img decoding=\"async\" srcset=\"https:\/\/psycristrance.com\/wp-content\/uploads\/2026\/01\/fila-1-columna-2.png ,https:\/\/psycristrance.com\/wp-content\/uploads\/2026\/01\/fila-1-columna-2.png 780w, https:\/\/psycristrance.com\/wp-content\/uploads\/2026\/01\/fila-1-columna-2.png 360w\" sizes=\"auto, (max-width: 480px) 150px\" src=\"https:\/\/psycristrance.com\/wp-content\/uploads\/2026\/01\/fila-1-columna-2.png\" alt=\"\" class=\"uag-image-2171\" width=\"494\" height=\"690\" title=\"fila-1-columna-2\" loading=\"lazy\" role=\"img\"\/><\/figure><\/div>\n<\/div>\n<\/div><\/div>\n<\/div>\n<\/div>\n\n\n\n<div class=\"wp-block-uagb-container uagb-block-bc728341 default uagb-is-root-container\">\n<div class=\"wp-block-uagb-container uagb-block-f0283a23\">\n<div class=\"wp-block-uagb-container uagb-block-3879bd03 alignfull uagb-is-root-container\"><div class=\"uagb-container-inner-blocks-wrap\">\n<div class=\"wp-block-uagb-container uagb-block-b345da78\">\n<div class=\"wp-block-uagb-image alignleft uagb-block-3cee19a4 wp-block-uagb-image--layout-default wp-block-uagb-image--effect-static wp-block-uagb-image--align-left\"><figure class=\"wp-block-uagb-image__figure\"><img decoding=\"async\" srcset=\"https:\/\/psycristrance.com\/wp-content\/uploads\/2026\/01\/fila-1-columna-3.png ,https:\/\/psycristrance.com\/wp-content\/uploads\/2026\/01\/fila-1-columna-3.png 780w, https:\/\/psycristrance.com\/wp-content\/uploads\/2026\/01\/fila-1-columna-3.png 360w\" sizes=\"auto, (max-width: 480px) 150px\" src=\"https:\/\/psycristrance.com\/wp-content\/uploads\/2026\/01\/fila-1-columna-3.png\" alt=\"\" class=\"uag-image-2172\" width=\"494\" height=\"690\" title=\"fila-1-columna-3\" loading=\"lazy\" role=\"img\"\/><\/figure><\/div>\n<\/div>\n\n\n\n<div class=\"wp-block-uagb-container uagb-block-bea5cd06\">\n<div class=\"wp-block-uagb-advanced-heading uagb-block-bb73464e\"><h6 class=\"uagb-heading-text\">musica<\/h6><\/div>\n\n\n\n<h2 class=\"wp-block-heading has-large-font-size\">ix balam stage<\/h2>\n\n\n\n<div class=\"wp-block-uagb-advanced-heading uagb-block-70b64a22\"><p class=\"uagb-desc-text\"> En este espacio convergen <strong> Zen Raccoon, Zen Baboon, Xompax, winak, Vazik, Torma In Dub, Terrafractyl, Tepezohuite Sound Project, Sunus, Slluks, Sijtli, Seno, Scorza, Scionaugh, Sander Jammes, Ruls, Rou, Pneumatix, Peter Groskreutz, Oksha Tech, Okapi, Narkotek, Miles From Mars, Marciana, Lumaa, Liv, Le Son Du Placard, Kliment, Kleiman, Kozy, Juanito Azul, Jossie Telch, Johnny Blue, ipod Head, Ishdub, Hypnagog, Henriq, Gurtrude, GreenWolve, Ever Tapia, Emiri, Eergon, Enigmatik, Eliza Lanz, Electrypnose,<\/strong><br><strong> D nox &amp; Beckers,  Deuteroz,  Dr. looney, DreamVibes, Calm Chor, Bent Beat Kouple, Ash Roy, Asgard, Antaares, Analog Intervention, Afis, Spootnik.<\/strong><br><\/p><\/div>\n\n\n\n<p>El Ix Balam Stage no es solo un escenario: es una traves\u00eda sonora guiada por pulsos tribales, atm\u00f3sferas oscuras y texturas psicod\u00e9licas que invitan a perder el tiempo lineal y habitar el trance colectivo. Aqu\u00ed, la m\u00fasica no se escucha: se atraviesa.<\/p>\n\n\n\n<div class=\"wp-block-buttons is-layout-flex wp-block-buttons-is-layout-flex\">\n<div class=\"wp-block-button\"><a class=\"wp-block-button__link wp-element-button\" href=\"https:\/\/psycristrance.com\/en\/ix-balam-stage\/\">IE AL ESCENARIO IX BALAM<\/a><\/div>\n<\/div>\n<\/div>\n<\/div><\/div>\n<\/div>\n<\/div>\n\n\n\n<div class=\"wp-block-uagb-container uagb-block-ca39233b alignfull uagb-is-root-container\"><div class=\"uagb-container-inner-blocks-wrap\">\n<div class=\"wp-block-uagb-container uagb-block-ba7d3e6f\">\n<div class=\"wp-block-uagb-counter uagb-block-59db52e0 wp-block-uagb-counter--number\"><div class=\"wp-block-uagb-counter__number\"><span class=\"uagb-counter-block-number\" data-duration=\"2\" data-to-value=\"2\" data-from-value=\"0\" data-delimiter=\"\"><\/span><\/div><div class=\"wp-block-uagb-counter__title\">ESCENARIOS<\/div><\/div>\n<\/div>\n\n\n\n<div class=\"wp-block-uagb-container uagb-block-8e216e87\">\n<div class=\"wp-block-uagb-counter uagb-block-07c42fc8 wp-block-uagb-counter--number\"><div class=\"wp-block-uagb-counter__number\"><span class=\"uagb-counter-block-number\" data-duration=\"2\" data-to-value=\"188\" data-from-value=\"0\" data-delimiter=\"\"><\/span><\/div><div class=\"wp-block-uagb-counter__title\">ARTISTAS<\/div><\/div>\n<\/div>\n\n\n\n<div class=\"wp-block-uagb-container uagb-block-714c61b3\">\n<div class=\"wp-block-uagb-counter uagb-block-433e28c7 wp-block-uagb-counter--number\"><div class=\"wp-block-uagb-counter__number\"><span class=\"uagb-counter-block-number\" data-duration=\"2\" data-to-value=\"12\" data-from-value=\"0\" data-delimiter=\"\"><\/span><\/div><div class=\"wp-block-uagb-counter__title\">EXPOSICIONES<\/div><\/div>\n<\/div>\n\n\n\n<div class=\"wp-block-uagb-container uagb-block-cba8a18a\">\n<div class=\"wp-block-uagb-counter uagb-block-140f8648 wp-block-uagb-counter--number\"><div class=\"wp-block-uagb-counter__number\"><span class=\"uagb-counter-block-number\" data-duration=\"2\" data-to-value=\"16\" data-from-value=\"0\" data-delimiter=\"\"><\/span><\/div><div class=\"wp-block-uagb-counter__title\">CONFERENCIAS<\/div><\/div>\n<\/div>\n<\/div><\/div>\n\n\n\n<div class=\"wp-block-uagb-container uagb-block-ab5e050e alignfull uagb-is-root-container\"><div class=\"uagb-container-inner-blocks-wrap\">\n<div class=\"wp-block-uagb-info-box uagb-block-ec9dbba9 uagb-infobox__content-wrap  uagb-infobox-icon-above-title uagb-infobox-image-valign-top\"><div class=\"uagb-ifb-content\"><div class=\"uagb-ifb-title-wrap\"><h4 class=\"uagb-ifb-title\">SE PARTE DE <br>PSY CRIS TRANCE<\/h4><\/div><\/div><\/div>\n\n\n\n<div class=\"wp-block-uagb-buttons uagb-buttons__outer-wrap uagb-btn__medium-btn uagb-btn-tablet__default-btn uagb-btn-mobile__default-btn uagb-block-4f0d06e0\"><div class=\"uagb-buttons__wrap uagb-buttons-layout-wrap\">\n<div class=\"wp-block-uagb-buttons-child uagb-buttons__outer-wrap uagb-block-175cce48 wp-block-button\"><div class=\"uagb-button__wrapper\"><a class=\"uagb-buttons-repeater ast-outline-button\" aria-label=\"\" style=\"border-width:revert-layer\" href=\"https:\/\/psycristrance.com\/en\/accesos\/\" rel=\"follow noopener\" target=\"_self\" role=\"button\"><div class=\"uagb-button__link\">COMPRAR ACCESOS<\/div><\/a><\/div><\/div>\n<\/div><\/div>\n<\/div><\/div>\n\n\n\n<p><\/p>","protected":false},"excerpt":{"rendered":"<p>Escenarios psycristrance 2026 Portales de frecuencia Los escenarios de Psy San Cris Trance no son solo estructuras: son portales energ\u00e9ticos dise\u00f1ados para sostener el viaje sonoro y colectivo. Cada stage tiene su identidad, su atm\u00f3sfera y su narrativa musical, desde el psytrance profundo y nocturno hasta las vibraciones progresivas y experimentales. Rodeados de bosque y [&hellip;]<\/p>\n","protected":false},"author":1,"featured_media":0,"parent":0,"menu_order":0,"comment_status":"closed","ping_status":"closed","template":"","meta":{"_uag_custom_page_level_css":"","site-sidebar-layout":"default","site-content-layout":"page-builder","ast-site-content-layout":"full-width-container","site-content-style":"default","site-sidebar-style":"unboxed","ast-global-header-display":"","ast-banner-title-visibility":"","ast-main-header-display":"","ast-hfb-above-header-display":"","ast-hfb-below-header-display":"","ast-hfb-mobile-header-display":"","site-post-title":"disabled","ast-breadcrumbs-content":"","ast-featured-img":"","footer-sml-layout":"","ast-disable-related-posts":"","theme-transparent-header-meta":"enabled","adv-header-id-meta":"","stick-header-meta":"","header-above-stick-meta":"","header-main-stick-meta":"","header-below-stick-meta":"","astra-migrate-meta-layouts":"set","ast-page-background-enabled":"default","ast-page-background-meta":{"desktop":{"background-color":"","background-image":"","background-repeat":"repeat","background-position":"center center","background-size":"auto","background-attachment":"scroll","background-type":"","background-media":"","overlay-type":"","overlay-color":"","overlay-opacity":"","overlay-gradient":""},"tablet":{"background-color":"","background-image":"","background-repeat":"repeat","background-position":"center center","background-size":"auto","background-attachment":"scroll","background-type":"","background-media":"","overlay-type":"","overlay-color":"","overlay-opacity":"","overlay-gradient":""},"mobile":{"background-color":"","background-image":"","background-repeat":"repeat","background-position":"center center","background-size":"auto","background-attachment":"scroll","background-type":"","background-media":"","overlay-type":"","overlay-color":"","overlay-opacity":"","overlay-gradient":""}},"ast-content-background-meta":{"desktop":{"background-color":"var(--ast-global-color-4)","background-image":"","background-repeat":"repeat","background-position":"center center","background-size":"auto","background-attachment":"scroll","background-type":"","background-media":"","overlay-type":"","overlay-color":"","overlay-opacity":"","overlay-gradient":""},"tablet":{"background-color":"var(--ast-global-color-4)","background-image":"","background-repeat":"repeat","background-position":"center center","background-size":"auto","background-attachment":"scroll","background-type":"","background-media":"","overlay-type":"","overlay-color":"","overlay-opacity":"","overlay-gradient":""},"mobile":{"background-color":"var(--ast-global-color-4)","background-image":"","background-repeat":"repeat","background-position":"center center","background-size":"auto","background-attachment":"scroll","background-type":"","background-media":"","overlay-type":"","overlay-color":"","overlay-opacity":"","overlay-gradient":""}},"footnotes":""},"class_list":["post-1070","page","type-page","status-publish","hentry"],"_hostinger_reach_plugin_has_subscription_block":false,"_hostinger_reach_plugin_is_elementor":false,"uagb_featured_image_src":{"full":false,"thumbnail":false,"medium":false,"medium_large":false,"large":false,"1536x1536":false,"2048x2048":false,"trp-custom-language-flag":false,"mailpoet_newsletter_max":false,"_nx_notification_thumb_100_100":false,"_nx_notification_thumb_200_200":false,"_nx_notification_thumb_300_300":false,"_nx_notification_thumb_400_400":false,"_nx_notification_thumb_500_500":false,"eaw-thumbnail":false},"uagb_author_info":{"display_name":"psycristrancemx@proton.mx","author_link":"https:\/\/psycristrance.com\/en\/author\/psycristrancemxproton-mx\/"},"uagb_comment_info":0,"uagb_excerpt":"Escenarios psycristrance 2026 Portales de frecuencia Los escenarios de Psy San Cris Trance no son solo estructuras: son portales energ\u00e9ticos dise\u00f1ados para sostener el viaje sonoro y colectivo. Cada stage tiene su identidad, su atm\u00f3sfera y su narrativa musical, desde el psytrance profundo y nocturno hasta las vibraciones progresivas y experimentales. Rodeados de bosque y&hellip;","_links":{"self":[{"href":"https:\/\/psycristrance.com\/en\/wp-json\/wp\/v2\/pages\/1070","targetHints":{"allow":["GET"]}}],"collection":[{"href":"https:\/\/psycristrance.com\/en\/wp-json\/wp\/v2\/pages"}],"about":[{"href":"https:\/\/psycristrance.com\/en\/wp-json\/wp\/v2\/types\/page"}],"author":[{"embeddable":true,"href":"https:\/\/psycristrance.com\/en\/wp-json\/wp\/v2\/users\/1"}],"replies":[{"embeddable":true,"href":"https:\/\/psycristrance.com\/en\/wp-json\/wp\/v2\/comments?post=1070"}],"version-history":[{"count":23,"href":"https:\/\/psycristrance.com\/en\/wp-json\/wp\/v2\/pages\/1070\/revisions"}],"predecessor-version":[{"id":3017,"href":"https:\/\/psycristrance.com\/en\/wp-json\/wp\/v2\/pages\/1070\/revisions\/3017"}],"wp:attachment":[{"href":"https:\/\/psycristrance.com\/en\/wp-json\/wp\/v2\/media?parent=1070"}],"curies":[{"name":"wp","href":"https:\/\/api.w.org\/{rel}","templated":true}]}}