{"id":2282,"date":"2026-01-27T06:28:44","date_gmt":"2026-01-27T06:28:44","guid":{"rendered":"https:\/\/psycristrance.com\/?page_id=2282"},"modified":"2026-02-15T01:39:22","modified_gmt":"2026-02-15T01:39:22","slug":"actividades","status":"publish","type":"page","link":"https:\/\/psycristrance.com\/en\/actividades\/","title":{"rendered":"ritual contemporaneo"},"content":{"rendered":"<div class=\"wp-block-uagb-container uagb-block-295cdf93 alignfull uagb-is-root-container\">\n<div class=\"wp-block-uagb-container uagb-block-8d32c0fe\">\n<div class=\"wp-block-uagb-advanced-heading uagb-block-f23063b1\"><h2 class=\"uagb-heading-text\">Ritual Contempor\u00e1neo<\/h2><\/div>\n\n\n\n<div style=\"height:63px\" aria-hidden=\"true\" class=\"wp-block-spacer\"><\/div>\n\n\n\n<div class=\"wp-block-uagb-container uagb-block-77fbdecf\">\n<p class=\"has-text-align-center has-medium-font-size\">Donde la m\u00fasica psicod\u00e9lica se convierte en experiencia colectiva consciente.<br><br>Psy San Cris Trance no es solo un festival, es un ritual contempor\u00e1neo que nace de la necesidad de reconectar con la tierra, el cuerpo y la conciencia en un mundo fragmentado.<\/p>\n<\/div>\n<\/div>\n\n\n\n<div class=\"wp-block-uagb-container uagb-block-4bf34209\">\n<div class=\"wp-block-columns is-layout-flex wp-container-core-columns-is-layout-28f84493 wp-block-columns-is-layout-flex\">\n<div class=\"wp-block-column is-vertically-aligned-center is-layout-flow wp-block-column-is-layout-flow\" style=\"flex-basis:50%\">\n<div class=\"wp-block-uagb-advanced-heading uagb-block-cd72c93f\"><h2 class=\"uagb-heading-text\">El sonido como puente<\/h2><\/div>\n\n\n\n<div style=\"height:63px\" aria-hidden=\"true\" class=\"wp-block-spacer\"><\/div>\n\n\n\n<p class=\"has-text-align-center has-medium-font-size\">Desde Goa hasta los Altos de Chiapas, el psytrance ha evolucionado como lenguaje global.<\/p>\n\n\n\n<p class=\"has-text-align-center has-medium-font-size\">En el bosque, lejos del ruido urbano, la vibraci\u00f3n adquiere otra dimensi\u00f3n.<\/p>\n\n\n\n<p class=\"has-text-align-center has-medium-font-size\">El bajo se siente en el pecho.<br>La repetici\u00f3n se convierte en meditaci\u00f3n.<br>La danza en liberaci\u00f3n.<\/p>\n<\/div>\n\n\n\n<div class=\"wp-block-column is-layout-flow wp-block-column-is-layout-flow\" style=\"flex-basis:50%\">\n<figure class=\"wp-block-image size-large\"><img loading=\"lazy\" decoding=\"async\" width=\"1024\" height=\"683\" src=\"https:\/\/psycristrance.com\/wp-content\/uploads\/2026\/02\/ChatGPT-Image-14-feb-2026-05_47_53-p.m-1024x683.png\" alt=\"\" class=\"wp-image-2521\" srcset=\"https:\/\/psycristrance.com\/wp-content\/uploads\/2026\/02\/ChatGPT-Image-14-feb-2026-05_47_53-p.m-1024x683.png 1024w, https:\/\/psycristrance.com\/wp-content\/uploads\/2026\/02\/ChatGPT-Image-14-feb-2026-05_47_53-p.m-300x200.png 300w, https:\/\/psycristrance.com\/wp-content\/uploads\/2026\/02\/ChatGPT-Image-14-feb-2026-05_47_53-p.m-768x512.png 768w, https:\/\/psycristrance.com\/wp-content\/uploads\/2026\/02\/ChatGPT-Image-14-feb-2026-05_47_53-p.m.png 1536w\" sizes=\"auto, (max-width: 1024px) 100vw, 1024px\" \/><\/figure>\n<\/div>\n<\/div>\n<\/div>\n\n\n\n<div class=\"wp-block-uagb-container uagb-block-49103d6e\">\n<div class=\"wp-block-uagb-advanced-heading uagb-block-fc044b1d\"><h2 class=\"uagb-heading-text\">Presencia y Comunidad<\/h2><\/div>\n\n\n\n<div style=\"height:63px\" aria-hidden=\"true\" class=\"wp-block-spacer\"><\/div>\n\n\n\n<p class=\"has-text-align-center has-medium-font-size\">No venimos a mirar.<br>Venimos a estar.<\/p>\n\n\n\n<p class=\"has-text-align-center has-medium-font-size\">La pista no es espect\u00e1culo.<br>Es encuentro.<\/p>\n\n\n\n<hr class=\"wp-block-separator has-alpha-channel-opacity\"\/>\n\n\n\n<p class=\"has-text-align-center has-large-font-size\">Aqu\u00ed nadie es p\u00fablico.<br>Somos espiral.<\/p>\n<\/div>\n\n\n\n<div class=\"wp-block-uagb-container uagb-block-3622bbe0\">\n<div class=\"wp-block-columns is-layout-flex wp-container-core-columns-is-layout-28f84493 wp-block-columns-is-layout-flex\">\n<div class=\"wp-block-column is-layout-flow wp-block-column-is-layout-flow\">\n<figure class=\"wp-block-image size-large\"><img loading=\"lazy\" decoding=\"async\" width=\"1024\" height=\"683\" src=\"https:\/\/psycristrance.com\/wp-content\/uploads\/2026\/02\/ChatGPT-Image-14-feb-2026-05_49_47-p.m-1024x683.png\" alt=\"\" class=\"wp-image-2523\" srcset=\"https:\/\/psycristrance.com\/wp-content\/uploads\/2026\/02\/ChatGPT-Image-14-feb-2026-05_49_47-p.m-1024x683.png 1024w, https:\/\/psycristrance.com\/wp-content\/uploads\/2026\/02\/ChatGPT-Image-14-feb-2026-05_49_47-p.m-300x200.png 300w, https:\/\/psycristrance.com\/wp-content\/uploads\/2026\/02\/ChatGPT-Image-14-feb-2026-05_49_47-p.m-768x512.png 768w, https:\/\/psycristrance.com\/wp-content\/uploads\/2026\/02\/ChatGPT-Image-14-feb-2026-05_49_47-p.m.png 1536w\" sizes=\"auto, (max-width: 1024px) 100vw, 1024px\" \/><\/figure>\n<\/div>\n\n\n\n<div class=\"wp-block-column is-vertically-aligned-center is-layout-flow wp-block-column-is-layout-flow\">\n<div class=\"wp-block-uagb-advanced-heading uagb-block-6e74d05e\"><h2 class=\"uagb-heading-text\">Tecnolog\u00eda con intenci\u00f3n<\/h2><\/div>\n\n\n\n<div style=\"height:63px\" aria-hidden=\"true\" class=\"wp-block-spacer\"><\/div>\n\n\n\n<p class=\"has-text-align-center has-medium-font-size\">La tecnolog\u00eda no contradice el ritual, lo actualiza.<\/p>\n\n\n\n<p class=\"has-text-align-center has-medium-font-size\">El sistema de sonido, las luces, las visuales y las estructuras son las herramientas de nuestra era para crear experiencias colectivas con prop\u00f3sito.<\/p>\n\n\n\n<p class=\"has-text-align-center has-medium-font-size\">No es espect\u00e1culo vac\u00edo.<br>Es vibraci\u00f3n amplificada.<\/p>\n\n\n\n<p class=\"has-text-align-center has-medium-font-size\">No es exceso.<br>Es dise\u00f1o consciente.<\/p>\n<\/div>\n<\/div>\n<\/div>\n<\/div>\n\n\n\n<p><\/p>","protected":false},"excerpt":{"rendered":"<p>Ritual Contempor\u00e1neo Donde la m\u00fasica psicod\u00e9lica se convierte en experiencia colectiva consciente. Psy San Cris Trance no es solo un festival, es un ritual contempor\u00e1neo que nace de la necesidad de reconectar con la tierra, el cuerpo y la conciencia en un mundo fragmentado. El sonido como puente Desde Goa hasta los Altos de Chiapas, [&hellip;]<\/p>\n","protected":false},"author":1,"featured_media":0,"parent":0,"menu_order":0,"comment_status":"closed","ping_status":"closed","template":"","meta":{"_uag_custom_page_level_css":"","site-sidebar-layout":"default","site-content-layout":"","ast-site-content-layout":"default","site-content-style":"default","site-sidebar-style":"default","ast-global-header-display":"","ast-banner-title-visibility":"","ast-main-header-display":"","ast-hfb-above-header-display":"","ast-hfb-below-header-display":"","ast-hfb-mobile-header-display":"","site-post-title":"disabled","ast-breadcrumbs-content":"","ast-featured-img":"","footer-sml-layout":"","ast-disable-related-posts":"","theme-transparent-header-meta":"","adv-header-id-meta":"","stick-header-meta":"","header-above-stick-meta":"","header-main-stick-meta":"","header-below-stick-meta":"","astra-migrate-meta-layouts":"set","ast-page-background-enabled":"default","ast-page-background-meta":{"desktop":{"background-color":"","background-image":"","background-repeat":"repeat","background-position":"center center","background-size":"auto","background-attachment":"scroll","background-type":"","background-media":"","overlay-type":"","overlay-color":"","overlay-opacity":"","overlay-gradient":""},"tablet":{"background-color":"","background-image":"","background-repeat":"repeat","background-position":"center center","background-size":"auto","background-attachment":"scroll","background-type":"","background-media":"","overlay-type":"","overlay-color":"","overlay-opacity":"","overlay-gradient":""},"mobile":{"background-color":"","background-image":"","background-repeat":"repeat","background-position":"center center","background-size":"auto","background-attachment":"scroll","background-type":"","background-media":"","overlay-type":"","overlay-color":"","overlay-opacity":"","overlay-gradient":""}},"ast-content-background-meta":{"desktop":{"background-color":"var(--ast-global-color-4)","background-image":"","background-repeat":"repeat","background-position":"center center","background-size":"auto","background-attachment":"scroll","background-type":"","background-media":"","overlay-type":"","overlay-color":"","overlay-opacity":"","overlay-gradient":""},"tablet":{"background-color":"var(--ast-global-color-4)","background-image":"","background-repeat":"repeat","background-position":"center center","background-size":"auto","background-attachment":"scroll","background-type":"","background-media":"","overlay-type":"","overlay-color":"","overlay-opacity":"","overlay-gradient":""},"mobile":{"background-color":"var(--ast-global-color-4)","background-image":"","background-repeat":"repeat","background-position":"center center","background-size":"auto","background-attachment":"scroll","background-type":"","background-media":"","overlay-type":"","overlay-color":"","overlay-opacity":"","overlay-gradient":""}},"footnotes":""},"class_list":["post-2282","page","type-page","status-publish","hentry"],"_hostinger_reach_plugin_has_subscription_block":false,"_hostinger_reach_plugin_is_elementor":false,"uagb_featured_image_src":{"full":false,"thumbnail":false,"medium":false,"medium_large":false,"large":false,"1536x1536":false,"2048x2048":false,"trp-custom-language-flag":false,"mailpoet_newsletter_max":false,"_nx_notification_thumb_100_100":false,"_nx_notification_thumb_200_200":false,"_nx_notification_thumb_300_300":false,"_nx_notification_thumb_400_400":false,"_nx_notification_thumb_500_500":false,"eaw-thumbnail":false},"uagb_author_info":{"display_name":"psycristrancemx@proton.mx","author_link":"https:\/\/psycristrance.com\/en\/author\/psycristrancemxproton-mx\/"},"uagb_comment_info":0,"uagb_excerpt":"Ritual Contempor\u00e1neo Donde la m\u00fasica psicod\u00e9lica se convierte en experiencia colectiva consciente. Psy San Cris Trance no es solo un festival, es un ritual contempor\u00e1neo que nace de la necesidad de reconectar con la tierra, el cuerpo y la conciencia en un mundo fragmentado. El sonido como puente Desde Goa hasta los Altos de Chiapas,&hellip;","_links":{"self":[{"href":"https:\/\/psycristrance.com\/en\/wp-json\/wp\/v2\/pages\/2282","targetHints":{"allow":["GET"]}}],"collection":[{"href":"https:\/\/psycristrance.com\/en\/wp-json\/wp\/v2\/pages"}],"about":[{"href":"https:\/\/psycristrance.com\/en\/wp-json\/wp\/v2\/types\/page"}],"author":[{"embeddable":true,"href":"https:\/\/psycristrance.com\/en\/wp-json\/wp\/v2\/users\/1"}],"replies":[{"embeddable":true,"href":"https:\/\/psycristrance.com\/en\/wp-json\/wp\/v2\/comments?post=2282"}],"version-history":[{"count":35,"href":"https:\/\/psycristrance.com\/en\/wp-json\/wp\/v2\/pages\/2282\/revisions"}],"predecessor-version":[{"id":2600,"href":"https:\/\/psycristrance.com\/en\/wp-json\/wp\/v2\/pages\/2282\/revisions\/2600"}],"wp:attachment":[{"href":"https:\/\/psycristrance.com\/en\/wp-json\/wp\/v2\/media?parent=2282"}],"curies":[{"name":"wp","href":"https:\/\/api.w.org\/{rel}","templated":true}]}}