{"id":2533,"date":"2026-02-15T00:07:02","date_gmt":"2026-02-15T00:07:02","guid":{"rendered":"https:\/\/psycristrance.com\/?page_id=2533"},"modified":"2026-02-15T00:33:40","modified_gmt":"2026-02-15T00:33:40","slug":"arte","status":"publish","type":"page","link":"https:\/\/psycristrance.com\/en\/arte\/","title":{"rendered":"arte"},"content":{"rendered":"<div class=\"wp-block-uagb-container uagb-block-fdd7e124 alignfull uagb-is-root-container\">\n<div class=\"wp-block-uagb-container uagb-block-1b1deaeb\">\n<div class=\"wp-block-uagb-advanced-heading uagb-block-898db609\"><h2 class=\"uagb-heading-text\">Arte y Visualidad<\/h2><\/div>\n\n\n\n<p class=\"has-text-align-center\">El bosque se transforma en galer\u00eda viva.<br><\/p>\n<\/div>\n\n\n\n<div class=\"wp-block-uagb-container uagb-block-521bc86d\">\n<p class=\"has-text-align-center\">El arte no es decoraci\u00f3n.<br>Es parte del ritual.<\/p>\n\n\n\n<p class=\"has-text-align-center has-medium-font-size\">Instalaciones, estructuras y visuales expanden la experiencia m\u00e1s all\u00e1 del sonido.<\/p>\n<\/div>\n\n\n\n<div class=\"wp-block-uagb-container uagb-block-ee5b8266\">\n<div class=\"wp-block-columns is-layout-flex wp-container-core-columns-is-layout-28f84493 wp-block-columns-is-layout-flex\">\n<div class=\"wp-block-column is-layout-flow wp-block-column-is-layout-flow\">\n<figure class=\"wp-block-image size-large\"><img loading=\"lazy\" decoding=\"async\" width=\"1024\" height=\"683\" src=\"https:\/\/psycristrance.com\/wp-content\/uploads\/2026\/02\/ChatGPT-Image-14-feb-2026-06_06_42-p.m-1024x683.png\" alt=\"\" class=\"wp-image-2534\" srcset=\"https:\/\/psycristrance.com\/wp-content\/uploads\/2026\/02\/ChatGPT-Image-14-feb-2026-06_06_42-p.m-1024x683.png 1024w, https:\/\/psycristrance.com\/wp-content\/uploads\/2026\/02\/ChatGPT-Image-14-feb-2026-06_06_42-p.m-300x200.png 300w, https:\/\/psycristrance.com\/wp-content\/uploads\/2026\/02\/ChatGPT-Image-14-feb-2026-06_06_42-p.m-768x512.png 768w, https:\/\/psycristrance.com\/wp-content\/uploads\/2026\/02\/ChatGPT-Image-14-feb-2026-06_06_42-p.m.png 1536w\" sizes=\"auto, (max-width: 1024px) 100vw, 1024px\" \/><\/figure>\n<\/div>\n\n\n\n<div class=\"wp-block-column is-vertically-aligned-center is-layout-flow wp-block-column-is-layout-flow\">\n<div class=\"wp-block-uagb-container uagb-block-b415a3b1\">\n<div class=\"wp-block-uagb-advanced-heading uagb-block-db6d1c8f\"><h2 class=\"uagb-heading-text\">Instalaciones inmersivas<\/h2><\/div>\n\n\n\n<p class=\"has-text-align-center\">Estructuras dise\u00f1adas para dialogar con el bosque.<\/p>\n\n\n\n<p class=\"has-text-align-center\">Geometr\u00eda, luz y naturaleza creando espacios habitables dentro del ritual.<\/p>\n\n\n\n<p class=\"has-text-align-center\">No son escenarios.<br>Son portales.<\/p>\n<\/div>\n<\/div>\n<\/div>\n<\/div>\n\n\n\n<div class=\"wp-block-uagb-container uagb-block-21cfe51c\">\n<div class=\"wp-block-columns is-layout-flex wp-container-core-columns-is-layout-28f84493 wp-block-columns-is-layout-flex\">\n<div class=\"wp-block-column is-layout-flow wp-block-column-is-layout-flow\">\n<div class=\"wp-block-uagb-container uagb-block-05305681\">\n<div class=\"wp-block-uagb-advanced-heading uagb-block-70675dee\"><h2 class=\"uagb-heading-text\">Visuales y proyecci\u00f3n<\/h2><\/div>\n\n\n\n<p class=\"has-text-align-center\">Mapping, arte digital y dise\u00f1o lum\u00ednico que transforman el espacio nocturno.<\/p>\n\n\n\n<p class=\"has-text-align-center\">La luz se convierte en lenguaje.<\/p>\n\n\n\n<p class=\"has-text-align-center\">El escenario se convierte en arquitectura viva.<\/p>\n<\/div>\n<\/div>\n\n\n\n<div class=\"wp-block-column is-layout-flow wp-block-column-is-layout-flow\">\n<figure class=\"wp-block-image size-large\"><img loading=\"lazy\" decoding=\"async\" width=\"1024\" height=\"683\" src=\"https:\/\/psycristrance.com\/wp-content\/uploads\/2026\/02\/ChatGPT-Image-14-feb-2026-06_31_51-p.m-1024x683.png\" alt=\"\" class=\"wp-image-2558\" srcset=\"https:\/\/psycristrance.com\/wp-content\/uploads\/2026\/02\/ChatGPT-Image-14-feb-2026-06_31_51-p.m-1024x683.png 1024w, https:\/\/psycristrance.com\/wp-content\/uploads\/2026\/02\/ChatGPT-Image-14-feb-2026-06_31_51-p.m-300x200.png 300w, https:\/\/psycristrance.com\/wp-content\/uploads\/2026\/02\/ChatGPT-Image-14-feb-2026-06_31_51-p.m-768x512.png 768w, https:\/\/psycristrance.com\/wp-content\/uploads\/2026\/02\/ChatGPT-Image-14-feb-2026-06_31_51-p.m.png 1536w\" sizes=\"auto, (max-width: 1024px) 100vw, 1024px\" \/><\/figure>\n<\/div>\n<\/div>\n<\/div>\n\n\n\n<div class=\"wp-block-uagb-container uagb-block-446c1077\">\n<div class=\"wp-block-uagb-advanced-heading uagb-block-224deef7\"><h2 class=\"uagb-heading-text\">Intervenciones en el territorio<br><\/h2><\/div>\n\n\n\n<div class=\"wp-block-uagb-container uagb-block-a417e1ed\">\n<p class=\"has-text-align-center\">Arte que respeta el entorno.<\/p>\n\n\n\n<p class=\"has-text-align-center\">Obras temporales que dialogan con la naturaleza sin imponer.<\/p>\n\n\n\n<p class=\"has-text-align-center\">El bosque no es fondo.<br>Es protagonista.<\/p>\n<\/div>\n<\/div>\n<\/div>\n\n\n\n<p><\/p>","protected":false},"excerpt":{"rendered":"<p>Arte y Visualidad El bosque se transforma en galer\u00eda viva. El arte no es decoraci\u00f3n.Es parte del ritual. Instalaciones, estructuras y visuales expanden la experiencia m\u00e1s all\u00e1 del sonido. Instalaciones inmersivas Estructuras dise\u00f1adas para dialogar con el bosque. Geometr\u00eda, luz y naturaleza creando espacios habitables dentro del ritual. No son escenarios.Son portales. Visuales y proyecci\u00f3n [&hellip;]<\/p>\n","protected":false},"author":1,"featured_media":0,"parent":0,"menu_order":0,"comment_status":"closed","ping_status":"closed","template":"","meta":{"_uag_custom_page_level_css":"","site-sidebar-layout":"default","site-content-layout":"","ast-site-content-layout":"default","site-content-style":"default","site-sidebar-style":"default","ast-global-header-display":"","ast-banner-title-visibility":"","ast-main-header-display":"","ast-hfb-above-header-display":"","ast-hfb-below-header-display":"","ast-hfb-mobile-header-display":"","site-post-title":"disabled","ast-breadcrumbs-content":"","ast-featured-img":"","footer-sml-layout":"","ast-disable-related-posts":"","theme-transparent-header-meta":"","adv-header-id-meta":"","stick-header-meta":"","header-above-stick-meta":"","header-main-stick-meta":"","header-below-stick-meta":"","astra-migrate-meta-layouts":"set","ast-page-background-enabled":"default","ast-page-background-meta":{"desktop":{"background-color":"","background-image":"","background-repeat":"repeat","background-position":"center center","background-size":"auto","background-attachment":"scroll","background-type":"","background-media":"","overlay-type":"","overlay-color":"","overlay-opacity":"","overlay-gradient":""},"tablet":{"background-color":"","background-image":"","background-repeat":"repeat","background-position":"center center","background-size":"auto","background-attachment":"scroll","background-type":"","background-media":"","overlay-type":"","overlay-color":"","overlay-opacity":"","overlay-gradient":""},"mobile":{"background-color":"","background-image":"","background-repeat":"repeat","background-position":"center center","background-size":"auto","background-attachment":"scroll","background-type":"","background-media":"","overlay-type":"","overlay-color":"","overlay-opacity":"","overlay-gradient":""}},"ast-content-background-meta":{"desktop":{"background-color":"var(--ast-global-color-4)","background-image":"","background-repeat":"repeat","background-position":"center center","background-size":"auto","background-attachment":"scroll","background-type":"","background-media":"","overlay-type":"","overlay-color":"","overlay-opacity":"","overlay-gradient":""},"tablet":{"background-color":"var(--ast-global-color-4)","background-image":"","background-repeat":"repeat","background-position":"center center","background-size":"auto","background-attachment":"scroll","background-type":"","background-media":"","overlay-type":"","overlay-color":"","overlay-opacity":"","overlay-gradient":""},"mobile":{"background-color":"var(--ast-global-color-4)","background-image":"","background-repeat":"repeat","background-position":"center center","background-size":"auto","background-attachment":"scroll","background-type":"","background-media":"","overlay-type":"","overlay-color":"","overlay-opacity":"","overlay-gradient":""}},"footnotes":""},"class_list":["post-2533","page","type-page","status-publish","hentry"],"_hostinger_reach_plugin_has_subscription_block":false,"_hostinger_reach_plugin_is_elementor":false,"uagb_featured_image_src":{"full":false,"thumbnail":false,"medium":false,"medium_large":false,"large":false,"1536x1536":false,"2048x2048":false,"trp-custom-language-flag":false,"mailpoet_newsletter_max":false,"_nx_notification_thumb_100_100":false,"_nx_notification_thumb_200_200":false,"_nx_notification_thumb_300_300":false,"_nx_notification_thumb_400_400":false,"_nx_notification_thumb_500_500":false,"eaw-thumbnail":false},"uagb_author_info":{"display_name":"psycristrancemx@proton.mx","author_link":"https:\/\/psycristrance.com\/en\/author\/psycristrancemxproton-mx\/"},"uagb_comment_info":0,"uagb_excerpt":"Arte y Visualidad El bosque se transforma en galer\u00eda viva. El arte no es decoraci\u00f3n.Es parte del ritual. Instalaciones, estructuras y visuales expanden la experiencia m\u00e1s all\u00e1 del sonido. Instalaciones inmersivas Estructuras dise\u00f1adas para dialogar con el bosque. Geometr\u00eda, luz y naturaleza creando espacios habitables dentro del ritual. No son escenarios.Son portales. Visuales y proyecci\u00f3n&hellip;","_links":{"self":[{"href":"https:\/\/psycristrance.com\/en\/wp-json\/wp\/v2\/pages\/2533","targetHints":{"allow":["GET"]}}],"collection":[{"href":"https:\/\/psycristrance.com\/en\/wp-json\/wp\/v2\/pages"}],"about":[{"href":"https:\/\/psycristrance.com\/en\/wp-json\/wp\/v2\/types\/page"}],"author":[{"embeddable":true,"href":"https:\/\/psycristrance.com\/en\/wp-json\/wp\/v2\/users\/1"}],"replies":[{"embeddable":true,"href":"https:\/\/psycristrance.com\/en\/wp-json\/wp\/v2\/comments?post=2533"}],"version-history":[{"count":15,"href":"https:\/\/psycristrance.com\/en\/wp-json\/wp\/v2\/pages\/2533\/revisions"}],"predecessor-version":[{"id":2560,"href":"https:\/\/psycristrance.com\/en\/wp-json\/wp\/v2\/pages\/2533\/revisions\/2560"}],"wp:attachment":[{"href":"https:\/\/psycristrance.com\/en\/wp-json\/wp\/v2\/media?parent=2533"}],"curies":[{"name":"wp","href":"https:\/\/api.w.org\/{rel}","templated":true}]}}