{"id":2562,"date":"2026-02-15T00:50:10","date_gmt":"2026-02-15T00:50:10","guid":{"rendered":"https:\/\/psycristrance.com\/?page_id=2562"},"modified":"2026-02-15T01:26:08","modified_gmt":"2026-02-15T01:26:08","slug":"talleres","status":"publish","type":"page","link":"https:\/\/psycristrance.com\/en\/talleres\/","title":{"rendered":"talleres"},"content":{"rendered":"<div class=\"wp-block-uagb-container uagb-block-11f8ba63 alignfull uagb-is-root-container\">\n<div class=\"wp-block-uagb-container uagb-block-75a12f53\">\n<div class=\"wp-block-uagb-advanced-heading uagb-block-b25c78b7\"><h2 class=\"uagb-heading-text\">Talleres para toda la familia<\/h2><\/div>\n\n\n\n<div class=\"wp-block-uagb-container uagb-block-5ec497e9\">\n<p class=\"has-text-align-center\">Un espacio donde ni\u00f1as, ni\u00f1os y adultos pueden explorar, crear y compartir.<\/p>\n<\/div>\n<\/div>\n\n\n\n<div class=\"wp-block-uagb-container uagb-block-61fee4b7\">\n<div class=\"wp-block-uagb-advanced-heading uagb-block-1d6bf5d9\"><h2 class=\"uagb-heading-text\">El ritual tambi\u00e9n se vive de d\u00eda.<\/h2><\/div>\n\n\n\n<div class=\"wp-block-uagb-container uagb-block-e541cb4e\">\n<p class=\"has-text-align-center\">Hemos creado espacios seguros y acompa\u00f1ados donde personas de todas las edades pueden participar en actividades dise\u00f1adas para fomentar creatividad, conciencia y comunidad.<\/p>\n<\/div>\n<\/div>\n\n\n\n<div class=\"wp-block-uagb-container uagb-block-6c32c564\">\n<div class=\"wp-block-columns are-vertically-aligned-top is-layout-flex wp-container-core-columns-is-layout-28f84493 wp-block-columns-is-layout-flex\">\n<div class=\"wp-block-column is-vertically-aligned-top is-layout-flow wp-block-column-is-layout-flow\">\n<figure class=\"wp-block-image size-large\"><img loading=\"lazy\" decoding=\"async\" width=\"1024\" height=\"683\" src=\"https:\/\/psycristrance.com\/wp-content\/uploads\/2026\/02\/ChatGPT-Image-14-feb-2026-07_04_35-p.m-1024x683.png\" alt=\"\" class=\"wp-image-2578\" srcset=\"https:\/\/psycristrance.com\/wp-content\/uploads\/2026\/02\/ChatGPT-Image-14-feb-2026-07_04_35-p.m-1024x683.png 1024w, https:\/\/psycristrance.com\/wp-content\/uploads\/2026\/02\/ChatGPT-Image-14-feb-2026-07_04_35-p.m-300x200.png 300w, https:\/\/psycristrance.com\/wp-content\/uploads\/2026\/02\/ChatGPT-Image-14-feb-2026-07_04_35-p.m-768x512.png 768w, https:\/\/psycristrance.com\/wp-content\/uploads\/2026\/02\/ChatGPT-Image-14-feb-2026-07_04_35-p.m.png 1536w\" sizes=\"auto, (max-width: 1024px) 100vw, 1024px\" \/><\/figure>\n\n\n\n<div class=\"wp-block-uagb-advanced-heading uagb-block-688c0452\"><h3 class=\"uagb-heading-text\">Naturaleza y territorio<\/h3><\/div>\n\n\n\n<p class=\"has-text-align-center\">Exploraci\u00f3n del entorno, cuidado del bosque y aprendizaje ecol\u00f3gico.<\/p>\n<\/div>\n\n\n\n<div class=\"wp-block-column is-vertically-aligned-top is-layout-flow wp-block-column-is-layout-flow\">\n<figure class=\"wp-block-image size-large\"><img loading=\"lazy\" decoding=\"async\" width=\"1024\" height=\"683\" src=\"https:\/\/psycristrance.com\/wp-content\/uploads\/2026\/02\/ChatGPT-Image-14-feb-2026-06_49_31-p.m-1024x683.png\" alt=\"\" class=\"wp-image-2563\" srcset=\"https:\/\/psycristrance.com\/wp-content\/uploads\/2026\/02\/ChatGPT-Image-14-feb-2026-06_49_31-p.m-1024x683.png 1024w, https:\/\/psycristrance.com\/wp-content\/uploads\/2026\/02\/ChatGPT-Image-14-feb-2026-06_49_31-p.m-300x200.png 300w, https:\/\/psycristrance.com\/wp-content\/uploads\/2026\/02\/ChatGPT-Image-14-feb-2026-06_49_31-p.m-768x512.png 768w, https:\/\/psycristrance.com\/wp-content\/uploads\/2026\/02\/ChatGPT-Image-14-feb-2026-06_49_31-p.m.png 1536w\" sizes=\"auto, (max-width: 1024px) 100vw, 1024px\" \/><\/figure>\n\n\n\n<div class=\"wp-block-uagb-advanced-heading uagb-block-8171b12e\"><h3 class=\"uagb-heading-text\">Arte y creatividad<\/h3><\/div>\n\n\n\n<p class=\"has-text-align-center\">Pintura, dibujo, m\u00e1scaras, creaci\u00f3n colectiva.<\/p>\n<\/div>\n\n\n\n<div class=\"wp-block-column is-vertically-aligned-top is-layout-flow wp-block-column-is-layout-flow\">\n<figure class=\"wp-block-image size-large\"><img loading=\"lazy\" decoding=\"async\" width=\"1024\" height=\"683\" src=\"https:\/\/psycristrance.com\/wp-content\/uploads\/2026\/02\/ChatGPT-Image-14-feb-2026-07_18_15-p.m-1024x683.png\" alt=\"\" class=\"wp-image-2588\" srcset=\"https:\/\/psycristrance.com\/wp-content\/uploads\/2026\/02\/ChatGPT-Image-14-feb-2026-07_18_15-p.m-1024x683.png 1024w, https:\/\/psycristrance.com\/wp-content\/uploads\/2026\/02\/ChatGPT-Image-14-feb-2026-07_18_15-p.m-300x200.png 300w, https:\/\/psycristrance.com\/wp-content\/uploads\/2026\/02\/ChatGPT-Image-14-feb-2026-07_18_15-p.m-768x512.png 768w, https:\/\/psycristrance.com\/wp-content\/uploads\/2026\/02\/ChatGPT-Image-14-feb-2026-07_18_15-p.m.png 1536w\" sizes=\"auto, (max-width: 1024px) 100vw, 1024px\" \/><\/figure>\n\n\n\n<div class=\"wp-block-uagb-advanced-heading uagb-block-af67526c\"><h3 class=\"uagb-heading-text\">Movimiento y conciencia<\/h3><\/div>\n\n\n\n<p class=\"has-text-align-center\">Yoga suave, respiraci\u00f3n, din\u00e1micas corporales adaptadas.<\/p>\n<\/div>\n\n\n\n<div class=\"wp-block-column is-vertically-aligned-top is-layout-flow wp-block-column-is-layout-flow\">\n<figure class=\"wp-block-image size-large\"><img loading=\"lazy\" decoding=\"async\" width=\"1024\" height=\"683\" src=\"https:\/\/psycristrance.com\/wp-content\/uploads\/2026\/02\/ChatGPT-Image-14-feb-2026-07_20_18-p.m-1024x683.png\" alt=\"\" class=\"wp-image-2590\" srcset=\"https:\/\/psycristrance.com\/wp-content\/uploads\/2026\/02\/ChatGPT-Image-14-feb-2026-07_20_18-p.m-1024x683.png 1024w, https:\/\/psycristrance.com\/wp-content\/uploads\/2026\/02\/ChatGPT-Image-14-feb-2026-07_20_18-p.m-300x200.png 300w, https:\/\/psycristrance.com\/wp-content\/uploads\/2026\/02\/ChatGPT-Image-14-feb-2026-07_20_18-p.m-768x512.png 768w, https:\/\/psycristrance.com\/wp-content\/uploads\/2026\/02\/ChatGPT-Image-14-feb-2026-07_20_18-p.m.png 1536w\" sizes=\"auto, (max-width: 1024px) 100vw, 1024px\" \/><\/figure>\n\n\n\n<div class=\"wp-block-uagb-advanced-heading uagb-block-26060c2a\"><h3 class=\"uagb-heading-text\">Sonido y expresi\u00f3n<\/h3><\/div>\n\n\n\n<p class=\"has-text-align-center\">Exploraci\u00f3n musical y ritmos.<\/p>\n<\/div>\n<\/div>\n<\/div>\n\n\n\n<div class=\"wp-block-uagb-container uagb-block-49676ba2\">\n<div class=\"wp-block-uagb-advanced-heading uagb-block-02ab25bc\"><h2 class=\"uagb-heading-text\">La cultura tambi\u00e9n se transmite jugando.<\/h2><\/div>\n\n\n\n<div class=\"wp-block-uagb-container uagb-block-a57ce4cc\">\n<p class=\"has-text-align-center\">El ritual es encuentro entre generaciones.<\/p>\n<\/div>\n<\/div>\n<\/div>\n\n\n\n<p><\/p>","protected":false},"excerpt":{"rendered":"<p>Talleres para toda la familia Un espacio donde ni\u00f1as, ni\u00f1os y adultos pueden explorar, crear y compartir. El ritual tambi\u00e9n se vive de d\u00eda. Hemos creado espacios seguros y acompa\u00f1ados donde personas de todas las edades pueden participar en actividades dise\u00f1adas para fomentar creatividad, conciencia y comunidad. Naturaleza y territorio Exploraci\u00f3n del entorno, cuidado del [&hellip;]<\/p>\n","protected":false},"author":1,"featured_media":0,"parent":0,"menu_order":0,"comment_status":"closed","ping_status":"closed","template":"","meta":{"_uag_custom_page_level_css":"","site-sidebar-layout":"default","site-content-layout":"","ast-site-content-layout":"default","site-content-style":"default","site-sidebar-style":"default","ast-global-header-display":"","ast-banner-title-visibility":"","ast-main-header-display":"","ast-hfb-above-header-display":"","ast-hfb-below-header-display":"","ast-hfb-mobile-header-display":"","site-post-title":"disabled","ast-breadcrumbs-content":"","ast-featured-img":"","footer-sml-layout":"","ast-disable-related-posts":"","theme-transparent-header-meta":"","adv-header-id-meta":"","stick-header-meta":"","header-above-stick-meta":"","header-main-stick-meta":"","header-below-stick-meta":"","astra-migrate-meta-layouts":"set","ast-page-background-enabled":"default","ast-page-background-meta":{"desktop":{"background-color":"","background-image":"","background-repeat":"repeat","background-position":"center center","background-size":"auto","background-attachment":"scroll","background-type":"","background-media":"","overlay-type":"","overlay-color":"","overlay-opacity":"","overlay-gradient":""},"tablet":{"background-color":"","background-image":"","background-repeat":"repeat","background-position":"center center","background-size":"auto","background-attachment":"scroll","background-type":"","background-media":"","overlay-type":"","overlay-color":"","overlay-opacity":"","overlay-gradient":""},"mobile":{"background-color":"","background-image":"","background-repeat":"repeat","background-position":"center center","background-size":"auto","background-attachment":"scroll","background-type":"","background-media":"","overlay-type":"","overlay-color":"","overlay-opacity":"","overlay-gradient":""}},"ast-content-background-meta":{"desktop":{"background-color":"var(--ast-global-color-4)","background-image":"","background-repeat":"repeat","background-position":"center center","background-size":"auto","background-attachment":"scroll","background-type":"","background-media":"","overlay-type":"","overlay-color":"","overlay-opacity":"","overlay-gradient":""},"tablet":{"background-color":"var(--ast-global-color-4)","background-image":"","background-repeat":"repeat","background-position":"center center","background-size":"auto","background-attachment":"scroll","background-type":"","background-media":"","overlay-type":"","overlay-color":"","overlay-opacity":"","overlay-gradient":""},"mobile":{"background-color":"var(--ast-global-color-4)","background-image":"","background-repeat":"repeat","background-position":"center center","background-size":"auto","background-attachment":"scroll","background-type":"","background-media":"","overlay-type":"","overlay-color":"","overlay-opacity":"","overlay-gradient":""}},"footnotes":""},"class_list":["post-2562","page","type-page","status-publish","hentry"],"_hostinger_reach_plugin_has_subscription_block":false,"_hostinger_reach_plugin_is_elementor":false,"uagb_featured_image_src":{"full":false,"thumbnail":false,"medium":false,"medium_large":false,"large":false,"1536x1536":false,"2048x2048":false,"trp-custom-language-flag":false,"mailpoet_newsletter_max":false,"_nx_notification_thumb_100_100":false,"_nx_notification_thumb_200_200":false,"_nx_notification_thumb_300_300":false,"_nx_notification_thumb_400_400":false,"_nx_notification_thumb_500_500":false,"eaw-thumbnail":false},"uagb_author_info":{"display_name":"psycristrancemx@proton.mx","author_link":"https:\/\/psycristrance.com\/en\/author\/psycristrancemxproton-mx\/"},"uagb_comment_info":0,"uagb_excerpt":"Talleres para toda la familia Un espacio donde ni\u00f1as, ni\u00f1os y adultos pueden explorar, crear y compartir. El ritual tambi\u00e9n se vive de d\u00eda. Hemos creado espacios seguros y acompa\u00f1ados donde personas de todas las edades pueden participar en actividades dise\u00f1adas para fomentar creatividad, conciencia y comunidad. Naturaleza y territorio Exploraci\u00f3n del entorno, cuidado del&hellip;","_links":{"self":[{"href":"https:\/\/psycristrance.com\/en\/wp-json\/wp\/v2\/pages\/2562","targetHints":{"allow":["GET"]}}],"collection":[{"href":"https:\/\/psycristrance.com\/en\/wp-json\/wp\/v2\/pages"}],"about":[{"href":"https:\/\/psycristrance.com\/en\/wp-json\/wp\/v2\/types\/page"}],"author":[{"embeddable":true,"href":"https:\/\/psycristrance.com\/en\/wp-json\/wp\/v2\/users\/1"}],"replies":[{"embeddable":true,"href":"https:\/\/psycristrance.com\/en\/wp-json\/wp\/v2\/comments?post=2562"}],"version-history":[{"count":17,"href":"https:\/\/psycristrance.com\/en\/wp-json\/wp\/v2\/pages\/2562\/revisions"}],"predecessor-version":[{"id":2593,"href":"https:\/\/psycristrance.com\/en\/wp-json\/wp\/v2\/pages\/2562\/revisions\/2593"}],"wp:attachment":[{"href":"https:\/\/psycristrance.com\/en\/wp-json\/wp\/v2\/media?parent=2562"}],"curies":[{"name":"wp","href":"https:\/\/api.w.org\/{rel}","templated":true}]}}