{"id":2639,"date":"2026-02-15T04:30:00","date_gmt":"2026-02-15T04:30:00","guid":{"rendered":"https:\/\/psycristrance.com\/?page_id=2639"},"modified":"2026-02-25T14:22:50","modified_gmt":"2026-02-25T20:22:50","slug":"conferencias-y-conciencia","status":"publish","type":"page","link":"https:\/\/psycristrance.com\/en\/conferencias-y-conciencia\/","title":{"rendered":"Conferencias y conciencia"},"content":{"rendered":"<div class=\"wp-block-uagb-container uagb-block-6ecc10d0 alignfull uagb-is-root-container\">\n<div class=\"wp-block-uagb-advanced-heading uagb-block-7cf81870\"><h1 class=\"uagb-heading-text\">Conferencias &amp; Espacio de Conciencia<\/h1><\/div>\n\n\n\n<div class=\"wp-block-uagb-advanced-heading uagb-block-191dd403\"><h3 class=\"uagb-heading-text\">Exploramos cultura, comunidad, sustentabilidad, espiritualidad y expansi\u00f3n de conciencia.<br><\/h3><\/div>\n\n\n\n<div class=\"wp-block-buttons is-content-justification-center is-layout-flex wp-container-core-buttons-is-layout-a89b3969 wp-block-buttons-is-layout-flex\">\n<div class=\"wp-block-button\"><a class=\"wp-block-button__link wp-element-button\">\ud83d\udc49 Ver Programa<\/a><\/div>\n<\/div>\n<\/div>\n\n\n\n<div class=\"wp-block-uagb-container uagb-block-9228f600 alignfull uagb-is-root-container\"><div class=\"uagb-container-inner-blocks-wrap\">\n<div class=\"wp-block-uagb-container uagb-block-2152d32a\">\n<p class=\"has-text-align-center has-large-font-size\">PsyCrisTrance es m\u00e1s que m\u00fasica.<br>Es un punto de encuentro para ideas, saberes y proyectos que buscan transformar la realidad desde la conciencia.<\/p>\n\n\n\n<p class=\"has-text-align-center\">Durante el festival se realizar\u00e1n conferencias, charlas y mesas de di\u00e1logo abiertas al p\u00fablico.<\/p>\n<\/div>\n\n\n\n<div class=\"wp-block-uagb-container uagb-block-17243f40\">\n<div class=\"wp-block-columns is-layout-flex wp-container-core-columns-is-layout-28f84493 wp-block-columns-is-layout-flex\">\n<div class=\"wp-block-column is-layout-flow wp-block-column-is-layout-flow\">\n<div class=\"wp-block-uagb-advanced-heading uagb-block-396ab9b1\"><h4 class=\"uagb-heading-text\">\ud83c\udf3f Sustentabilidad y Ecolog\u00eda<\/h4><\/div>\n\n\n\n<p>Permacultura, regeneraci\u00f3n, econom\u00eda circular, soberan\u00eda alimentaria.<\/p>\n<\/div>\n\n\n\n<div class=\"wp-block-column is-layout-flow wp-block-column-is-layout-flow\">\n<div class=\"wp-block-uagb-advanced-heading uagb-block-2384ad47\"><h4 class=\"uagb-heading-text\">\ud83e\udde0 Conciencia y Espiritualidad<\/h4><\/div>\n\n\n\n<p>Pr\u00e1cticas ancestrales, integraci\u00f3n psicod\u00e9lica, salud emocional.<\/p>\n<\/div>\n\n\n\n<div class=\"wp-block-column is-layout-flow wp-block-column-is-layout-flow\">\n<div class=\"wp-block-uagb-advanced-heading uagb-block-5eb18a97\"><h4 class=\"uagb-heading-text\">\ud83c\udfa8 Arte y Cultura Alternativa<\/h4><\/div>\n\n\n\n<p>Movimientos culturales, arte psicod\u00e9lico, m\u00fasica como herramienta social.<\/p>\n<\/div>\n<\/div>\n<\/div>\n<\/div><\/div>","protected":false},"excerpt":{"rendered":"<p>Conferencias &amp; Espacio de Conciencia Exploramos cultura, comunidad, sustentabilidad, espiritualidad y expansi\u00f3n de conciencia. PsyCrisTrance es m\u00e1s que m\u00fasica.Es un punto de encuentro para ideas, saberes y proyectos que buscan transformar la realidad desde la conciencia. Durante el festival se realizar\u00e1n conferencias, charlas y mesas de di\u00e1logo abiertas al p\u00fablico. \ud83c\udf3f Sustentabilidad y Ecolog\u00eda Permacultura, [&hellip;]<\/p>\n","protected":false},"author":1,"featured_media":0,"parent":0,"menu_order":0,"comment_status":"closed","ping_status":"closed","template":"","meta":{"_uag_custom_page_level_css":"","site-sidebar-layout":"default","site-content-layout":"","ast-site-content-layout":"default","site-content-style":"default","site-sidebar-style":"default","ast-global-header-display":"","ast-banner-title-visibility":"","ast-main-header-display":"","ast-hfb-above-header-display":"","ast-hfb-below-header-display":"","ast-hfb-mobile-header-display":"","site-post-title":"disabled","ast-breadcrumbs-content":"","ast-featured-img":"","footer-sml-layout":"","ast-disable-related-posts":"","theme-transparent-header-meta":"","adv-header-id-meta":"","stick-header-meta":"","header-above-stick-meta":"","header-main-stick-meta":"","header-below-stick-meta":"","astra-migrate-meta-layouts":"set","ast-page-background-enabled":"default","ast-page-background-meta":{"desktop":{"background-color":"","background-image":"","background-repeat":"repeat","background-position":"center center","background-size":"auto","background-attachment":"scroll","background-type":"","background-media":"","overlay-type":"","overlay-color":"","overlay-opacity":"","overlay-gradient":""},"tablet":{"background-color":"","background-image":"","background-repeat":"repeat","background-position":"center center","background-size":"auto","background-attachment":"scroll","background-type":"","background-media":"","overlay-type":"","overlay-color":"","overlay-opacity":"","overlay-gradient":""},"mobile":{"background-color":"","background-image":"","background-repeat":"repeat","background-position":"center center","background-size":"auto","background-attachment":"scroll","background-type":"","background-media":"","overlay-type":"","overlay-color":"","overlay-opacity":"","overlay-gradient":""}},"ast-content-background-meta":{"desktop":{"background-color":"var(--ast-global-color-4)","background-image":"","background-repeat":"repeat","background-position":"center center","background-size":"auto","background-attachment":"scroll","background-type":"","background-media":"","overlay-type":"","overlay-color":"","overlay-opacity":"","overlay-gradient":""},"tablet":{"background-color":"var(--ast-global-color-4)","background-image":"","background-repeat":"repeat","background-position":"center center","background-size":"auto","background-attachment":"scroll","background-type":"","background-media":"","overlay-type":"","overlay-color":"","overlay-opacity":"","overlay-gradient":""},"mobile":{"background-color":"var(--ast-global-color-4)","background-image":"","background-repeat":"repeat","background-position":"center center","background-size":"auto","background-attachment":"scroll","background-type":"","background-media":"","overlay-type":"","overlay-color":"","overlay-opacity":"","overlay-gradient":""}},"footnotes":""},"class_list":["post-2639","page","type-page","status-publish","hentry"],"_hostinger_reach_plugin_has_subscription_block":false,"_hostinger_reach_plugin_is_elementor":false,"uagb_featured_image_src":{"full":false,"thumbnail":false,"medium":false,"medium_large":false,"large":false,"1536x1536":false,"2048x2048":false,"trp-custom-language-flag":false,"mailpoet_newsletter_max":false,"_nx_notification_thumb_100_100":false,"_nx_notification_thumb_200_200":false,"_nx_notification_thumb_300_300":false,"_nx_notification_thumb_400_400":false,"_nx_notification_thumb_500_500":false,"eaw-thumbnail":false},"uagb_author_info":{"display_name":"psycristrancemx@proton.mx","author_link":"https:\/\/psycristrance.com\/en\/author\/psycristrancemxproton-mx\/"},"uagb_comment_info":0,"uagb_excerpt":"Conferencias &amp; Espacio de Conciencia Exploramos cultura, comunidad, sustentabilidad, espiritualidad y expansi\u00f3n de conciencia. PsyCrisTrance es m\u00e1s que m\u00fasica.Es un punto de encuentro para ideas, saberes y proyectos que buscan transformar la realidad desde la conciencia. Durante el festival se realizar\u00e1n conferencias, charlas y mesas de di\u00e1logo abiertas al p\u00fablico. \ud83c\udf3f Sustentabilidad y Ecolog\u00eda Permacultura,&hellip;","_links":{"self":[{"href":"https:\/\/psycristrance.com\/en\/wp-json\/wp\/v2\/pages\/2639","targetHints":{"allow":["GET"]}}],"collection":[{"href":"https:\/\/psycristrance.com\/en\/wp-json\/wp\/v2\/pages"}],"about":[{"href":"https:\/\/psycristrance.com\/en\/wp-json\/wp\/v2\/types\/page"}],"author":[{"embeddable":true,"href":"https:\/\/psycristrance.com\/en\/wp-json\/wp\/v2\/users\/1"}],"replies":[{"embeddable":true,"href":"https:\/\/psycristrance.com\/en\/wp-json\/wp\/v2\/comments?post=2639"}],"version-history":[{"count":5,"href":"https:\/\/psycristrance.com\/en\/wp-json\/wp\/v2\/pages\/2639\/revisions"}],"predecessor-version":[{"id":3001,"href":"https:\/\/psycristrance.com\/en\/wp-json\/wp\/v2\/pages\/2639\/revisions\/3001"}],"wp:attachment":[{"href":"https:\/\/psycristrance.com\/en\/wp-json\/wp\/v2\/media?parent=2639"}],"curies":[{"name":"wp","href":"https:\/\/api.w.org\/{rel}","templated":true}]}}