{"id":2823,"date":"2026-02-17T23:44:35","date_gmt":"2026-02-17T23:44:35","guid":{"rendered":"https:\/\/psycristrance.com\/?page_id=2823"},"modified":"2026-02-25T12:35:08","modified_gmt":"2026-02-25T18:35:08","slug":"stands","status":"publish","type":"page","link":"https:\/\/psycristrance.com\/en\/stands\/","title":{"rendered":"Stands"},"content":{"rendered":"<div class=\"wp-block-uagb-container uagb-block-926f8655 alignfull uagb-is-root-container\">\n<div class=\"wp-block-uagb-container uagb-block-87cf8956\">\n<div class=\"wp-block-uagb-advanced-heading uagb-block-976bace0\"><h1 class=\"uagb-heading-text\">Renta tu Stand<\/h1><\/div>\n\n\n\n<div class=\"wp-block-uagb-advanced-heading uagb-block-4da8c8cf\"><h4 class=\"uagb-heading-text\">Forma parte del ecosistema del festival.<\/h4><\/div>\n\n\n\n<div style=\"height:54px\" aria-hidden=\"true\" class=\"wp-block-spacer\"><\/div>\n\n\n\n<div class=\"wp-block-uagb-container uagb-block-75b3d8b9\">\n<p class=\"has-text-align-center\">Forma parte del ecosistema comercial de <strong>Psy San Cris Trance 2026<\/strong>, festival de m\u00fasica electr\u00f3nica, arte y conciencia que se llevar\u00e1 a cabo en <strong>San Crist\u00f3bal de las Casas<\/strong> del 1 al 5 de abril.<br><br>Buscamos proyectos aut\u00e9nticos, independientes y alineados con la filosof\u00eda del festival.<\/p>\n<\/div>\n\n\n\n<div class=\"wp-block-buttons is-content-justification-center is-layout-flex wp-container-core-buttons-is-layout-a89b3969 wp-block-buttons-is-layout-flex\">\n<div class=\"wp-block-button\"><a class=\"wp-block-button__link wp-element-button\" href=\"https:\/\/docs.google.com\/forms\/d\/1BEyyngcQty09J4jKZ4InJq1IXDyRuLGohbjKd50AgTY\/edit\" target=\"_blank\" rel=\"noreferrer noopener\">\ud83d\udce9 Postular ahora<\/a><\/div>\n<\/div>\n<\/div>\n\n\n\n<div class=\"wp-block-uagb-container uagb-block-16b3157c\">\n<div class=\"wp-block-uagb-advanced-heading uagb-block-87babcbb\"><h2 class=\"uagb-heading-text\">intro<\/h2><\/div>\n\n\n\n<div style=\"height:100px\" aria-hidden=\"true\" class=\"wp-block-spacer\"><\/div>\n\n\n\n<div class=\"wp-block-uagb-container uagb-block-8e551d60\">\n<p class=\"has-text-align-center has-large-font-size\">Creamos un espacio donde proyectos independientes, marcas conscientes, artistas y emprendedores pueden ofrecer sus productos dentro de un entorno cuidado y respetuoso.<\/p>\n\n\n\n<p class=\"has-text-align-center has-medium-font-size\">Buscamos propuestas alineadas con la identidad del festival.<\/p>\n<\/div>\n<\/div>\n\n\n\n<div class=\"wp-block-uagb-container uagb-block-4515b8e0\">\n<div class=\"wp-block-uagb-advanced-heading uagb-block-3947280d\"><h2 class=\"uagb-heading-text\">\u00bfQU\u00c9 TIPO DE STANDS BUSCAMOS?<\/h2><\/div>\n\n\n\n<div style=\"height:34px\" aria-hidden=\"true\" class=\"wp-block-spacer\"><\/div>\n\n\n\n<div class=\"wp-block-uagb-container uagb-block-d6dc7901\">\n<ul class=\"wp-block-list\">\n<li>\ud83c\udf72 Stands de comida<\/li>\n\n\n\n<li>\ud83c\udfa8 Artesan\u00edas<\/li>\n\n\n\n<li>\ud83e\uddff Arte y dise\u00f1o independiente<\/li>\n\n\n\n<li>\ud83c\udf3f Productos alternativos<\/li>\n\n\n\n<li>\ud83d\udd2e Proyectos conscientes<\/li>\n\n\n\n<li>\ud83d\udecd\ufe0f Emprendimientos locales y nacionales<\/li>\n<\/ul>\n<\/div>\n<\/div>\n\n\n\n<div class=\"wp-block-uagb-container uagb-block-839f756b\">\n<div class=\"wp-block-uagb-advanced-heading uagb-block-72d5dd81\"><h2 class=\"uagb-heading-text\">Detalles<\/h2><\/div>\n\n\n\n<div style=\"height:39px\" aria-hidden=\"true\" class=\"wp-block-spacer\"><\/div>\n\n\n\n<div class=\"wp-block-uagb-container uagb-block-34d7cba6\">\n<div class=\"wp-block-columns is-layout-flex wp-container-core-columns-is-layout-28f84493 wp-block-columns-is-layout-flex\">\n<div class=\"wp-block-column is-layout-flow wp-block-column-is-layout-flow\">\n<h2 class=\"wp-block-heading has-medium-font-size\">\ud83d\udcb0 Inversi\u00f3n<\/h2>\n\n\n\n<p class=\"has-medium-font-size\"><strong>Costo del stand: $15,000 MXN<\/strong><br><strong>Espacio asignado: 3m x 3m 9 m\u00b2<\/strong><br><br>nota: para necesidades especiales escribir a hola@psycristrance.com<\/p>\n<\/div>\n\n\n\n<div class=\"wp-block-column is-layout-flow wp-block-column-is-layout-flow\">\n<h2 class=\"wp-block-heading has-medium-font-size\">\u2705 La renta incluye:<\/h2>\n\n\n\n<ul class=\"wp-block-list\">\n<li>Espacio asignado dentro del festival<\/li>\n\n\n\n<li>Iluminaci\u00f3n b\u00e1sica<\/li>\n\n\n\n<li>Conexi\u00f3n el\u00e9ctrica<\/li>\n\n\n\n<li>Estructura del espacio asignado<\/li>\n\n\n\n<li>Carpa general de sombra<\/li>\n<\/ul>\n<\/div>\n\n\n\n<div class=\"wp-block-column is-layout-flow wp-block-column-is-layout-flow\">\n<h2 class=\"wp-block-heading has-medium-font-size\">\u274c No incluye:<\/h2>\n\n\n\n<ul class=\"wp-block-list\">\n<li>Carpa individual<\/li>\n\n\n\n<li>Mesas<\/li>\n\n\n\n<li>Sillas<\/li>\n\n\n\n<li>Mobiliario<\/li>\n\n\n\n<li>Agua directa<\/li>\n\n\n\n<li>Gas<\/li>\n\n\n\n<li>Equipos especiales<\/li>\n\n\n\n<li>Decoraci\u00f3n<\/li>\n<\/ul>\n\n\n\n<p>Cada expositor deber\u00e1 llevar su propio mobiliario y equipamiento adicional.<\/p>\n<\/div>\n<\/div>\n<\/div>\n\n\n\n<div class=\"wp-block-columns is-layout-flex wp-container-core-columns-is-layout-28f84493 wp-block-columns-is-layout-flex\">\n<div class=\"wp-block-column is-layout-flow wp-block-column-is-layout-flow\"><\/div>\n\n\n\n<div class=\"wp-block-column is-layout-flow wp-block-column-is-layout-flow\"><\/div>\n\n\n\n<div class=\"wp-block-column is-layout-flow wp-block-column-is-layout-flow\"><\/div>\n\n\n\n<div class=\"wp-block-column is-layout-flow wp-block-column-is-layout-flow\"><\/div>\n<\/div>\n<\/div>\n\n\n\n<div class=\"wp-block-uagb-container uagb-block-75835f34\">\n<div class=\"wp-block-uagb-advanced-heading uagb-block-4cfe5dfd\"><h2 class=\"uagb-heading-text\">Proceso de selecci\u00f3n<\/h2><\/div>\n\n\n\n<div style=\"height:43px\" aria-hidden=\"true\" class=\"wp-block-spacer\"><\/div>\n\n\n\n<div class=\"wp-block-uagb-container uagb-layout-grid uagb-block-d15bf93c\">\n<p class=\"has-text-align-center\">Las propuestas ser\u00e1n revisadas por el comit\u00e9 organizador.<\/p>\n\n\n\n<p class=\"has-text-align-center has-medium-font-size\">Los espacios son limitados y se asignar\u00e1n considerando:<br><br>Afinidad del proyecto con la filosof\u00eda del festival<br>Viabilidad log\u00edstica<br>Equilibrio de la oferta comercial<br>Calidad y presentaci\u00f3n del proyecto<br><\/p>\n\n\n\n<p class=\"has-text-align-center\">El pago se solicitar\u00e1 \u00fanicamente en caso de que la propuesta sea aprobada.<br>Recibir\u00e1s por correo las instrucciones para asegurar tu espacio.<\/p>\n<\/div>\n<\/div>\n\n\n\n<div class=\"wp-block-uagb-container uagb-block-64537cbc\">\n<div class=\"wp-block-uagb-advanced-heading uagb-block-6964cbc3\"><h2 class=\"uagb-heading-text\"> Filosof\u00eda<\/h2><\/div>\n\n\n\n<div style=\"height:43px\" aria-hidden=\"true\" class=\"wp-block-spacer\"><\/div>\n\n\n\n<div class=\"wp-block-uagb-container uagb-block-da2a7bc1\">\n<p class=\"has-text-align-center has-large-font-size\">Psy San Cris Trance no es solo un festival.<br>Es un espacio de comunidad, conciencia y creatividad.<\/p>\n\n\n\n<p class=\"has-text-align-center\">Buscamos propuestas que aporten valor, est\u00e9tica y coherencia con una experiencia vibrante y respetuosa del entorno.<\/p>\n<\/div>\n<\/div>\n\n\n\n<div class=\"wp-block-uagb-container uagb-block-6c668103\">\n<div class=\"wp-block-uagb-call-to-action uagb-block-fef46190 wp-block-button\"><div class=\"uagb-cta__wrap\"><h3 class=\"uagb-cta__title\">Postula tu stand<\/h3><p class=\"uagb-cta__desc\">\ud83d\udc49 <strong>Completa el formulario y env\u00edanos tu propuesta.<\/strong><\/p><\/div><div class=\"uagb-cta__buttons\"><a href=\"https:\/\/docs.google.com\/forms\/d\/1BEyyngcQty09J4jKZ4InJq1IXDyRuLGohbjKd50AgTY\/viewform?edit_requested=true\" class=\"uagb-cta__button-link-wrapper ast-outline-button\" target=\"_blank\" rel=\"noopener noreferrer\" style=\"border-width:revert-layer\">formulario de postulaci\u00f3n<svg xmlns=\"https:\/\/www.w3.org\/2000\/svg\" viewbox=\"0 0 512 512\"><path d=\"M504.3 273.6l-112.1 104c-6.992 6.484-17.18 8.218-25.94 4.406c-8.758-3.812-14.42-12.45-14.42-21.1L351.9 288H32C14.33 288 .0002 273.7 .0002 255.1S14.33 224 32 224h319.9l0-72c0-9.547 5.66-18.19 14.42-22c8.754-3.809 18.95-2.075 25.94 4.41l112.1 104C514.6 247.9 514.6 264.1 504.3 273.6z\"><\/path><\/svg><\/a><\/div><\/div>\n<\/div>\n<\/div>","protected":false},"excerpt":{"rendered":"<p>Renta tu Stand Forma parte del ecosistema del festival. Forma parte del ecosistema comercial de Psy San Cris Trance 2026, festival de m\u00fasica electr\u00f3nica, arte y conciencia que se llevar\u00e1 a cabo en San Crist\u00f3bal de las Casas del 1 al 5 de abril. Buscamos proyectos aut\u00e9nticos, independientes y alineados con la filosof\u00eda del festival. [&hellip;]<\/p>\n","protected":false},"author":1,"featured_media":0,"parent":0,"menu_order":0,"comment_status":"closed","ping_status":"closed","template":"","meta":{"_uag_custom_page_level_css":"","site-sidebar-layout":"default","site-content-layout":"","ast-site-content-layout":"default","site-content-style":"default","site-sidebar-style":"default","ast-global-header-display":"","ast-banner-title-visibility":"","ast-main-header-display":"","ast-hfb-above-header-display":"","ast-hfb-below-header-display":"","ast-hfb-mobile-header-display":"","site-post-title":"disabled","ast-breadcrumbs-content":"","ast-featured-img":"","footer-sml-layout":"","ast-disable-related-posts":"","theme-transparent-header-meta":"","adv-header-id-meta":"","stick-header-meta":"","header-above-stick-meta":"","header-main-stick-meta":"","header-below-stick-meta":"","astra-migrate-meta-layouts":"set","ast-page-background-enabled":"default","ast-page-background-meta":{"desktop":{"background-color":"","background-image":"","background-repeat":"repeat","background-position":"center center","background-size":"auto","background-attachment":"scroll","background-type":"","background-media":"","overlay-type":"","overlay-color":"","overlay-opacity":"","overlay-gradient":""},"tablet":{"background-color":"","background-image":"","background-repeat":"repeat","background-position":"center center","background-size":"auto","background-attachment":"scroll","background-type":"","background-media":"","overlay-type":"","overlay-color":"","overlay-opacity":"","overlay-gradient":""},"mobile":{"background-color":"","background-image":"","background-repeat":"repeat","background-position":"center center","background-size":"auto","background-attachment":"scroll","background-type":"","background-media":"","overlay-type":"","overlay-color":"","overlay-opacity":"","overlay-gradient":""}},"ast-content-background-meta":{"desktop":{"background-color":"var(--ast-global-color-4)","background-image":"","background-repeat":"repeat","background-position":"center center","background-size":"auto","background-attachment":"scroll","background-type":"","background-media":"","overlay-type":"","overlay-color":"","overlay-opacity":"","overlay-gradient":""},"tablet":{"background-color":"var(--ast-global-color-4)","background-image":"","background-repeat":"repeat","background-position":"center center","background-size":"auto","background-attachment":"scroll","background-type":"","background-media":"","overlay-type":"","overlay-color":"","overlay-opacity":"","overlay-gradient":""},"mobile":{"background-color":"var(--ast-global-color-4)","background-image":"","background-repeat":"repeat","background-position":"center center","background-size":"auto","background-attachment":"scroll","background-type":"","background-media":"","overlay-type":"","overlay-color":"","overlay-opacity":"","overlay-gradient":""}},"footnotes":""},"class_list":["post-2823","page","type-page","status-publish","hentry"],"_hostinger_reach_plugin_has_subscription_block":false,"_hostinger_reach_plugin_is_elementor":false,"uagb_featured_image_src":{"full":false,"thumbnail":false,"medium":false,"medium_large":false,"large":false,"1536x1536":false,"2048x2048":false,"trp-custom-language-flag":false,"mailpoet_newsletter_max":false,"_nx_notification_thumb_100_100":false,"_nx_notification_thumb_200_200":false,"_nx_notification_thumb_300_300":false,"_nx_notification_thumb_400_400":false,"_nx_notification_thumb_500_500":false,"eaw-thumbnail":false},"uagb_author_info":{"display_name":"psycristrancemx@proton.mx","author_link":"https:\/\/psycristrance.com\/en\/author\/psycristrancemxproton-mx\/"},"uagb_comment_info":0,"uagb_excerpt":"Renta tu Stand Forma parte del ecosistema del festival. Forma parte del ecosistema comercial de Psy San Cris Trance 2026, festival de m\u00fasica electr\u00f3nica, arte y conciencia que se llevar\u00e1 a cabo en San Crist\u00f3bal de las Casas del 1 al 5 de abril. Buscamos proyectos aut\u00e9nticos, independientes y alineados con la filosof\u00eda del festival.&hellip;","_links":{"self":[{"href":"https:\/\/psycristrance.com\/en\/wp-json\/wp\/v2\/pages\/2823","targetHints":{"allow":["GET"]}}],"collection":[{"href":"https:\/\/psycristrance.com\/en\/wp-json\/wp\/v2\/pages"}],"about":[{"href":"https:\/\/psycristrance.com\/en\/wp-json\/wp\/v2\/types\/page"}],"author":[{"embeddable":true,"href":"https:\/\/psycristrance.com\/en\/wp-json\/wp\/v2\/users\/1"}],"replies":[{"embeddable":true,"href":"https:\/\/psycristrance.com\/en\/wp-json\/wp\/v2\/comments?post=2823"}],"version-history":[{"count":21,"href":"https:\/\/psycristrance.com\/en\/wp-json\/wp\/v2\/pages\/2823\/revisions"}],"predecessor-version":[{"id":2933,"href":"https:\/\/psycristrance.com\/en\/wp-json\/wp\/v2\/pages\/2823\/revisions\/2933"}],"wp:attachment":[{"href":"https:\/\/psycristrance.com\/en\/wp-json\/wp\/v2\/media?parent=2823"}],"curies":[{"name":"wp","href":"https:\/\/api.w.org\/{rel}","templated":true}]}}