{"id":2931,"date":"2026-02-25T12:36:42","date_gmt":"2026-02-25T18:36:42","guid":{"rendered":"https:\/\/psycristrance.com\/?page_id=2931"},"modified":"2026-02-25T14:40:09","modified_gmt":"2026-02-25T20:40:09","slug":"tours-oficiales-a-psycristrance-2026","status":"publish","type":"page","link":"https:\/\/psycristrance.com\/en\/tours-oficiales-a-psycristrance-2026\/","title":{"rendered":"Tours Oficiales a PsyCris Trance 2026"},"content":{"rendered":"<div class=\"wp-block-uagb-container uagb-block-07de077e alignfull uagb-is-root-container\">\n<h1 class=\"wp-block-heading has-text-align-center\">Tours Oficiales a PsyCris Trance 2026<\/h1>\n\n\n\n<div class=\"wp-block-uagb-advanced-heading uagb-block-b6e747c2\"><h3 class=\"uagb-heading-text\">Viaja en comunidad con los Tours Oficiales a PsyCris Trance 2026<br><br>CDMX y \u00c1rea Metropolitana<br>Estado de M\u00e9xico<br>Interior de la Rep\u00fablica<\/h3><\/div>\n\n\n\n<div style=\"height:100px\" aria-hidden=\"true\" class=\"wp-block-spacer\"><\/div>\n\n\n\n<div class=\"wp-block-buttons is-content-justification-center is-layout-flex wp-container-core-buttons-is-layout-a89b3969 wp-block-buttons-is-layout-flex\">\n<div class=\"wp-block-button\"><a class=\"wp-block-button__link has-text-align-center wp-element-button\" href=\"https:\/\/psycristrance.com\/en\/accesos\/\">\ud83d\udc49 Comprar Acceso<\/a><\/div>\n<\/div>\n<\/div>\n\n\n\n<div class=\"wp-block-uagb-container uagb-block-34c1a682 alignfull uagb-is-root-container\"><div class=\"uagb-container-inner-blocks-wrap\">\n<div class=\"wp-block-uagb-container uagb-block-952afad6\">\n<div class=\"wp-block-columns is-layout-flex wp-container-core-columns-is-layout-28f84493 wp-block-columns-is-layout-flex\">\n<div class=\"wp-block-column is-layout-flow wp-block-column-is-layout-flow\">\n<div class=\"wp-block-uagb-container uagb-block-b584fbcb\">\n<p class=\"has-text-align-center has-large-font-size\">Los tours Oficiales a PsyCrisTrance 2026 son organizados por colectivos aliados del festival.<\/p>\n\n\n\n<p class=\"has-text-align-center\">Te recomendamos contactar directamente al encargado de tu ciudad y reservar con anticipacion.<\/p>\n<\/div>\n<\/div>\n\n\n\n<div class=\"wp-block-column is-layout-flow wp-block-column-is-layout-flow\">\n<figure class=\"wp-block-image size-large\"><img loading=\"lazy\" decoding=\"async\" width=\"1024\" height=\"683\" src=\"https:\/\/psycristrance.com\/wp-content\/uploads\/2026\/02\/tours-oficiales-1024x683.png\" alt=\"Tours Oficiales a PsyCrisTrance 2026 autobuses rumbo a festival psytrance chiapas viaje colectivo festival electronica mexico\" class=\"wp-image-2984\" srcset=\"https:\/\/psycristrance.com\/wp-content\/uploads\/2026\/02\/tours-oficiales-1024x683.png 1024w, https:\/\/psycristrance.com\/wp-content\/uploads\/2026\/02\/tours-oficiales-300x200.png 300w, https:\/\/psycristrance.com\/wp-content\/uploads\/2026\/02\/tours-oficiales-768x512.png 768w, https:\/\/psycristrance.com\/wp-content\/uploads\/2026\/02\/tours-oficiales-1320x880.png 1320w, https:\/\/psycristrance.com\/wp-content\/uploads\/2026\/02\/tours-oficiales.png 1536w\" sizes=\"auto, (max-width: 1024px) 100vw, 1024px\" \/><\/figure>\n<\/div>\n<\/div>\n<\/div>\n\n\n\n<div class=\"wp-block-uagb-container uagb-block-15c889c5\">\n<div class=\"wp-block-uagb-container uagb-block-05a38cf9\">\n<div class=\"wp-block-uagb-advanced-heading uagb-block-62ceb092\"><h2 class=\"uagb-heading-text\">CDMX Y \u00c1REA METROPOLITANA<\/h2><\/div>\n\n\n\n<div style=\"height:39px\" aria-hidden=\"true\" class=\"wp-block-spacer\"><\/div>\n\n\n\n<div class=\"wp-block-columns are-vertically-aligned-top is-layout-flex wp-container-core-columns-is-layout-28f84493 wp-block-columns-is-layout-flex\">\n<div class=\"wp-block-column is-vertically-aligned-top is-layout-flow wp-block-column-is-layout-flow\">\n<div class=\"wp-block-uagb-container uagb-block-56e72178\">\n<div class=\"wp-block-uagb-advanced-heading uagb-block-90d4f6cc\"><h4 class=\"uagb-heading-text\">\ud83d\ude8d Wonka Tours<\/h4><\/div>\n\n\n\n<p><strong>Salida:<\/strong> Metro Chabacano<br><strong>Encargadas:<\/strong> Priz Wonka \/ Kali Quinzel<br><br><a href=\"https:\/\/wa.me\/5215520828265\" data-type=\"link\" data-id=\"https:\/\/wa.me\/5215520828265\" target=\"_blank\" rel=\"noopener\">\ud83d\udcf1<\/a><a href=\"https:\/\/wa.me\/5215523127214\" data-type=\"link\" data-id=\"https:\/\/wa.me\/5215523127214\" target=\"_blank\" rel=\"noopener\">\ud83d\udc49 WhatsApp:<\/a> 55 2082 8265<\/p>\n<\/div>\n\n\n\n<div class=\"wp-block-uagb-container uagb-block-40e009c3\">\n<div class=\"wp-block-uagb-advanced-heading uagb-block-040b96e2\"><h4 class=\"uagb-heading-text\">\ud83d\ude8d Saiko Tours<\/h4><\/div>\n\n\n\n<p><strong>Puntos de salida:<\/strong> Metro Tlatelolco \/ Metro Hidalgo<br><strong>Encargado:<\/strong> Saiko Baptiste<br><br><a href=\"https:\/\/wa.me\/5215523127214\" data-type=\"link\" data-id=\"https:\/\/wa.me\/5215523127214\" target=\"_blank\" rel=\"noopener\">\ud83d\udc49 WhatsApp:<\/a><a href=\"https:\/\/wa.me\/5215573697515\" target=\"_blank\" rel=\"noopener\">\ud83d\udcf1 55 7369 7515<\/a><\/p>\n<\/div>\n\n\n\n<div class=\"wp-block-uagb-container uagb-block-93f19b38\">\n<div class=\"wp-block-uagb-advanced-heading uagb-block-1b8ee9ea\"><h4 class=\"uagb-heading-text\">\ud83d\ude8d TRAVELLING SOUNDS MUSIC<\/h4><\/div>\n\n\n\n<p><strong>Puntos de salida:<\/strong><br>Ixtapaluca \/ Chalco (EdoMex)<br>Metro G\u00f3mez Far\u00edas (CDMX)<br><strong>Encargado:<\/strong> Alberto Barceinas<br><br>\ud83d\udc49 WhatsApp 1: <a href=\"https:\/\/wa.me\/5215521731089\" data-type=\"link\" data-id=\"https:\/\/wa.me\/5215521731089\" target=\"_blank\" rel=\"noopener\">\ud83d\udcf1<\/a><a href=\"https:\/\/wa.me\/5215644839664\" target=\"_blank\" rel=\"noopener\">5644839664<\/a><br>\ud83d\udc49 WhatsApp 2:<a href=\" https:\/\/wa.me\/5215632370018\"> <\/a><a href=\"https:\/\/wa.me\/5215521731089\" data-type=\"link\" data-id=\"https:\/\/wa.me\/5215521731089\" target=\"_blank\" rel=\"noopener\">\ud83d\udcf1<\/a>5632370018<\/p>\n<\/div>\n\n\n\n<div class=\"wp-block-uagb-container uagb-block-dc06e282\">\n<div class=\"wp-block-uagb-advanced-heading uagb-block-3e62a129\"><h4 class=\"uagb-heading-text\">\ud83d\ude8d El Sur No Est\u00e1 Muerto<\/h4><\/div>\n\n\n\n<p><strong>Puntos de salida:<\/strong> Metro Copilco \/ Metro Taxque\u00f1a<br><strong>Encargados:<\/strong> Memo Cardona \/ Karen Danyel<br><br>\ud83d\udc49 WhatsApp 1: <a href=\"https:\/\/wa.me\/5215632579892\" target=\"_blank\" rel=\"noopener\">\ud83d\udcf1 56 3257 9892<br><\/a>\ud83d\udc49 WhatsApp 2: \ud83d\udcf1 56 4264 0413<\/p>\n<\/div>\n<\/div>\n\n\n\n<div class=\"wp-block-column is-vertically-aligned-top is-layout-flow wp-block-column-is-layout-flow\">\n<div class=\"wp-block-uagb-container uagb-block-99d64cda\">\n<div class=\"wp-block-uagb-advanced-heading uagb-block-ca2627bd\"><h4 class=\"uagb-heading-text\">\ud83d\ude8d TripTours LB<\/h4><\/div>\n\n\n\n<p><strong>Puntos de salida:<\/strong><br>Metro Buenavista<br>Metro Deportivo Ocean\u00eda<br>Metro Plaza Arag\u00f3n<br><strong>Encargados:<\/strong><br>Jonnathann (HeyZer)<br>Eduardo (Role)<br>Raymundo (Ptrt)<br><br><a href=\"https:\/\/wa.me\/5215523127214\" data-type=\"link\" data-id=\"https:\/\/wa.me\/5215523127214\" target=\"_blank\" rel=\"noopener\">\ud83d\udc49 WhatsApp:<\/a><a href=\"https:\/\/wa.me\/5215521731089\" data-type=\"link\" data-id=\"https:\/\/wa.me\/5215521731089\" target=\"_blank\" rel=\"noopener\">\ud83d\udcf1 55 2173 1089<br><\/a><a href=\"https:\/\/wa.me\/5215567762268\" data-type=\"link\" data-id=\"https:\/\/wa.me\/5215567762268\" target=\"_blank\" rel=\"noopener\"><\/a><a href=\"https:\/\/wa.me\/5215523127214\" data-type=\"link\" data-id=\"https:\/\/wa.me\/5215523127214\" target=\"_blank\" rel=\"noopener\">\ud83d\udc49 WhatsApp:<\/a>\ud83d\udcf1 <a href=\"https:\/\/wa.me\/5215567762268\" target=\"_blank\" rel=\"noopener\">55 6776 2268<\/a><br><a href=\"https:\/\/wa.me\/5215622069893\" target=\"_blank\" rel=\"noopener\"><\/a><a href=\"https:\/\/wa.me\/5215523127214\" data-type=\"link\" data-id=\"https:\/\/wa.me\/5215523127214\" target=\"_blank\" rel=\"noopener\">\ud83d\udc49 WhatsApp:<\/a>\ud83d\udcf1<a href=\"https:\/\/wa.me\/5215622069893\" target=\"_blank\" rel=\"noopener\"> 56 2206 9893<\/a><\/p>\n<\/div>\n\n\n\n<div class=\"wp-block-uagb-container uagb-block-77121d25\">\n<div class=\"wp-block-uagb-advanced-heading uagb-block-80d6ab3a\"><h4 class=\"uagb-heading-text\">\ud83d\ude8d Meli Tours<\/h4><\/div>\n\n\n\n<p><strong>Puntos de salida:<\/strong> Mixcoac \/ Estadio Azteca<br><strong>Encargada:<\/strong> Mili G\u00f3mez<br><br>\ud83d\udc49 WhatsApp: <a href=\"https:\/\/wa.me\/5215521731089\" data-type=\"link\" data-id=\"https:\/\/wa.me\/5215521731089\" target=\"_blank\" rel=\"noopener\">\ud83d\udcf1<\/a><a href=\"https:\/\/wa.me\/5215534875725\" data-type=\"link\" data-id=\"https:\/\/wa.me\/5215534875725\" target=\"_blank\" rel=\"noopener\">5215534875725<\/a><\/p>\n<\/div>\n\n\n\n<div class=\"wp-block-uagb-container uagb-block-a23f224e\">\n<div class=\"wp-block-uagb-advanced-heading uagb-block-0da18ff6\"><h4 class=\"uagb-heading-text\">\ud83d\ude8d Abduction Tour CDMX<\/h4><\/div>\n\n\n\n<p><strong>Punto de salida:<\/strong> MB Bellas Artes<br><strong>Encargada:<\/strong> S\u00e1nchez Zurisadai<br><br>\ud83d\udc49 WhatsApp: <a href=\"https:\/\/wa.me\/5215636041729\" target=\"_blank\" rel=\"noopener\">5636041729<\/a><\/p>\n<\/div>\n\n\n\n<div class=\"wp-block-uagb-container uagb-block-785b964a\">\n<div class=\"wp-block-uagb-advanced-heading uagb-block-b0b1900c\"><h4 class=\"uagb-heading-text\">\ud83d\ude8d SPACE FRACTAL<\/h4><\/div>\n\n\n\n<p><strong>Puntos de salida:<\/strong> Centro Hist\u00f3rico \/ Metro Pino Su\u00e1rez<br><strong>Encargado:<\/strong> Adri\u00e1n Fractal<br><br>\ud83d\udc49 WhatsApp:  <a href=\"https:\/\/wa.me\/5215571218427\" target=\"_blank\" rel=\"noopener\">\ud83d\udcf1 55 7121 8427<\/a><\/p>\n<\/div>\n<\/div>\n\n\n\n<div class=\"wp-block-column is-layout-flow wp-block-column-is-layout-flow\">\n<div class=\"wp-block-uagb-container uagb-block-2c770863\">\n<div class=\"wp-block-uagb-advanced-heading uagb-block-4ddc1562\"><h4 class=\"uagb-heading-text\">\ud83d\ude8d Comunidad Rave Tours<\/h4><\/div>\n\n\n\n<p><strong>Puntos de salida:<\/strong> Ecatepec Centro \/ Central de Abastos<br><strong>Encargado:<\/strong> Daniel Garc\u00eda Salazar<br><br>\ud83d\udc49 WhatsApp:<a href=\"https:\/\/wa.me\/5215521731089\" data-type=\"link\" data-id=\"https:\/\/wa.me\/5215521731089\" target=\"_blank\" rel=\"noopener\">\ud83d\udcf1<\/a> <a href=\"https:\/\/wa.me\/5215538072932\" target=\"_blank\" rel=\"noopener\">5538072932<\/a><\/p>\n<\/div>\n\n\n\n<div class=\"wp-block-uagb-container uagb-block-0c544798\">\n<div class=\"wp-block-uagb-advanced-heading uagb-block-f146e622\"><h4 class=\"uagb-heading-text\">\ud83d\ude8d Magik Tours<\/h4><\/div>\n\n\n\n<p><strong>Puntos de salida:<\/strong> Metro Indios Verdes Y La Raza<br><strong>Encargado:<\/strong> Alfredo Lortab<br><br><a href=\"https:\/\/wa.me\/5215523127214\" data-type=\"link\" data-id=\"https:\/\/wa.me\/5215523127214\" target=\"_blank\" rel=\"noopener\">\ud83d\udc49 WhatsApp: <\/a><a href=\"https:\/\/wa.me\/5215521731089\" data-type=\"link\" data-id=\"https:\/\/wa.me\/5215521731089\" target=\"_blank\" rel=\"noopener\">\ud83d\udcf1<\/a><a>5523127214<\/a><\/p>\n<\/div>\n\n\n\n<div class=\"wp-block-uagb-container uagb-block-dbbc4fd9\">\n<div class=\"wp-block-uagb-advanced-heading uagb-block-89b0f4c2\"><h4 class=\"uagb-heading-text\">\ud83d\ude8d Bela Store \ud83d\udd49\ufe0f<\/h4><\/div>\n\n\n\n<p><strong>Punto de salida:<\/strong> Metro Revoluci\u00f3n (Centro CDMX)<br><strong>Encargados:<\/strong> Bela \/ Jair<br><br>\ud83d\udc49 WhatsApp 1: <a href=\"https:\/\/wa.me\/5215539787743\" target=\"_blank\" rel=\"noopener\">\ud83d\udcf1 55 3978 7743<\/a><br>\ud83d\udc49 WhatsApp 2: <a href=\"https:\/\/wa.me\/5215562106499\" target=\"_blank\" rel=\"noopener\">\ud83d\udcf1 55 6210 6499<\/a><\/p>\n<\/div>\n\n\n\n<div class=\"wp-block-uagb-container uagb-block-0fb75216\">\n<div class=\"wp-block-uagb-advanced-heading uagb-block-ac74f4a1\"><h4 class=\"uagb-heading-text\">\ud83d\ude8d Terror Tours<\/h4><\/div>\n\n\n\n<p><strong>Puntos de salida:<\/strong> Metro 4 Caminos \/ Viaducto<br><strong>Encargado:<\/strong> Reno<br><br><a href=\"https:\/\/wa.me\/5215530079164\" target=\"_blank\" rel=\"noopener\">\ud83d\udc49 WhatsApp:\ud83d\udcf1 55 3007 9164<br><\/a><\/p>\n<\/div>\n<\/div>\n<\/div>\n<\/div>\n<\/div>\n\n\n\n<div class=\"wp-block-uagb-container uagb-block-9622693f\">\n<div class=\"wp-block-uagb-container uagb-block-92debc71\">\n<div class=\"wp-block-uagb-advanced-heading uagb-block-5dff926a\"><h2 class=\"uagb-heading-text\">ESTADO DE M\u00c9XICO<\/h2><\/div>\n\n\n\n<div style=\"height:39px\" aria-hidden=\"true\" class=\"wp-block-spacer\"><\/div>\n\n\n\n<div class=\"wp-block-columns are-vertically-aligned-top is-layout-flex wp-container-core-columns-is-layout-28f84493 wp-block-columns-is-layout-flex\">\n<div class=\"wp-block-column is-vertically-aligned-top is-layout-flow wp-block-column-is-layout-flow\">\n<div class=\"wp-block-uagb-container uagb-block-9a8d06ca\">\n<div class=\"wp-block-uagb-advanced-heading uagb-block-cc3121ac\"><h4 class=\"uagb-heading-text\">\ud83d\ude8d TRAVELLING SOUNDS MUSIC<\/h4><\/div>\n\n\n\n<p><strong>Puntos de salida:<\/strong><br>Ixtapaluca \/ Chalco (EdoMex)<br>Metro G\u00f3mez Far\u00edas (CDMX)<br><strong>Encargado:<\/strong> Alberto Barceinas<br><br>\ud83d\udc49 WhatsApp 1: <a href=\"https:\/\/wa.me\/5215521731089\" data-type=\"link\" data-id=\"https:\/\/wa.me\/5215521731089\" target=\"_blank\" rel=\"noopener\">\ud83d\udcf1<\/a><a href=\"https:\/\/wa.me\/5215644839664\" target=\"_blank\" rel=\"noopener\">5644839664<\/a><br>\ud83d\udc49 WhatsApp 2:<a href=\" https:\/\/wa.me\/5215632370018\"> <\/a><a href=\"https:\/\/wa.me\/5215521731089\" data-type=\"link\" data-id=\"https:\/\/wa.me\/5215521731089\" target=\"_blank\" rel=\"noopener\">\ud83d\udcf1<\/a>5632370018<\/p>\n<\/div>\n\n\n\n<div class=\"wp-block-uagb-container uagb-block-38db2bcf\">\n<div class=\"wp-block-uagb-advanced-heading uagb-block-425a7320\"><h4 class=\"uagb-heading-text\">\ud83d\ude8d Org\u00e1nica Tours Toluca<\/h4><\/div>\n\n\n\n<p><strong>Punto de salida:<\/strong> Toluca<br><strong>Encargado:<\/strong> Giovanni Khrome<br><br><a href=\"https:\/\/wa.me\/5217227614020\" target=\"_blank\" rel=\"noopener\">\ud83d\udc49 WhatsApp: \ud83d\udcf1 722 761 4020<br><\/a><\/p>\n<\/div>\n<\/div>\n\n\n\n<div class=\"wp-block-column is-vertically-aligned-top is-layout-flow wp-block-column-is-layout-flow\">\n<div class=\"wp-block-uagb-container uagb-block-190f6ba2\">\n<div class=\"wp-block-uagb-advanced-heading uagb-block-27c04279\"><h4 class=\"uagb-heading-text\">\ud83d\ude8d F Beats<\/h4><\/div>\n\n\n\n<p><strong>Punto de salida:<\/strong> Plaza Centella<br>(Cuautitl\u00e1n \/ Tultepec)<br><strong>Encargados:<\/strong> Katerynn S\u00e1nchez \/ Koolin<br><br>\ud83d\udc49 WhatsApp 1: <a href=\"https:\/\/wa.me\/5215574162058\" target=\"_blank\" rel=\"noopener\">\ud83d\udcf1 55 7416 2058<br><\/a><a href=\"https:\/\/wa.me\/5215524454803\" target=\"_blank\" rel=\"noopener\">\ud83d\udc49 WhatsApp 2: \ud83d\udcf1 55 2445 4803<\/a><\/p>\n<\/div>\n\n\n\n<div class=\"wp-block-uagb-container uagb-block-98da2051\">\n<div class=\"wp-block-uagb-advanced-heading uagb-block-4e4544f0\"><h4 class=\"uagb-heading-text\">\ud83d\ude8d Freedom Tours<\/h4><\/div>\n\n\n\n<p><strong>Tour Oficial Teotihuac\u00e1n<\/strong><br><strong>Encargado:<\/strong> Alfredo Alva<br><br>\ud83d\udc49 WhatsApp: <a href=\"https:\/\/wa.me\/5215531968710\" target=\"_blank\" rel=\"noopener\">\ud83d\udcf1 55 3196 8710<br><\/a><\/p>\n<\/div>\n<\/div>\n\n\n\n<div class=\"wp-block-column is-layout-flow wp-block-column-is-layout-flow\">\n<div class=\"wp-block-uagb-container uagb-block-5ec28608\">\n<div class=\"wp-block-uagb-advanced-heading uagb-block-afaaaad2\"><h4 class=\"uagb-heading-text\">\ud83d\ude8d Comunidad Rave Tours<\/h4><\/div>\n\n\n\n<p><strong>Puntos de salida:<\/strong> Ecatepec Centro \/ Central de Abastos<br><strong>Encargado:<\/strong> Daniel Garc\u00eda Salazar<br><br>\ud83d\udc49 WhatsApp:<a href=\"https:\/\/wa.me\/5215521731089\" data-type=\"link\" data-id=\"https:\/\/wa.me\/5215521731089\" target=\"_blank\" rel=\"noopener\">\ud83d\udcf1<\/a> <a href=\"https:\/\/wa.me\/5215538072932\" target=\"_blank\" rel=\"noopener\">5538072932<\/a><\/p>\n<\/div>\n<\/div>\n<\/div>\n<\/div>\n<\/div>\n\n\n\n<div class=\"wp-block-uagb-container uagb-block-4380b83e\">\n<div class=\"wp-block-uagb-container uagb-block-2056f8f8\">\n<div class=\"wp-block-uagb-advanced-heading uagb-block-28ea585b\"><h2 class=\"uagb-heading-text\">INTERIOR DE LA REP\u00daBLICA<\/h2><\/div>\n\n\n\n<div style=\"height:39px\" aria-hidden=\"true\" class=\"wp-block-spacer\"><\/div>\n\n\n\n<div class=\"wp-block-columns are-vertically-aligned-top is-layout-flex wp-container-core-columns-is-layout-28f84493 wp-block-columns-is-layout-flex\">\n<div class=\"wp-block-column is-vertically-aligned-top is-layout-flow wp-block-column-is-layout-flow\">\n<div class=\"wp-block-uagb-container uagb-block-50417576\">\n<div class=\"wp-block-uagb-advanced-heading uagb-block-a5880741\"><h4 class=\"uagb-heading-text\">\ud83d\ude8d Reventours<\/h4><\/div>\n\n\n\n<p><strong>Punto de salida:<\/strong> Guanajuato \/ Baj\u00edo<br><strong>Encargada:<\/strong> Shonita<br><br>\ud83d\udc49 WhatsApp: <a href=\"https:\/\/wa.me\/5214622365593\" target=\"_blank\" rel=\"noopener\">\ud83d\udcf1 462 236 5593<\/a><\/p>\n<\/div>\n\n\n\n<div class=\"wp-block-uagb-container uagb-block-0ccc0d59\">\n<div class=\"wp-block-uagb-advanced-heading uagb-block-3e3814fa\"><h4 class=\"uagb-heading-text\">\ud83d\ude8d Tour Zipolite<\/h4><\/div>\n\n\n\n<p><strong>Punto de salida:<\/strong> Zipolite, Oaxaca<br><strong>Encargado:<\/strong> Patadeperro<br><br><a href=\"https:\/\/wa.me\/5219581213235\" target=\"_blank\" rel=\"noopener\">\ud83d\udc49 WhatsApp: \ud83d\udcf1 958 121 3235<br><\/a><\/p>\n<\/div>\n<\/div>\n\n\n\n<div class=\"wp-block-column is-vertically-aligned-top is-layout-flow wp-block-column-is-layout-flow\">\n<div class=\"wp-block-uagb-container uagb-block-b6c498d5\">\n<div class=\"wp-block-uagb-advanced-heading uagb-block-0a8662ed\"><h4 class=\"uagb-heading-text\">\ud83d\ude8d ALPHA CENTAURI TOURS<\/h4><\/div>\n\n\n\n<p><strong>Punto de salida:<\/strong> Puebla<br><strong>Encargado:<\/strong> Benni Hesosphere<br><br>\ud83d\udc49 WhatsApp: <a href=\"https:\/\/wa.me\/5212215701010\" target=\"_blank\" rel=\"noopener\">\ud83d\udcf1 221 570 1010<\/a><\/p>\n<\/div>\n\n\n\n<div class=\"wp-block-uagb-container uagb-block-210ffb9c\">\n<div class=\"wp-block-uagb-advanced-heading uagb-block-cd215df9\"><h4 class=\"uagb-heading-text\">\ud83d\ude8d Tantra Tours \/ Wirikuta Tours<\/h4><\/div>\n\n\n\n<p><strong>Punto de salida:<\/strong> San Luis Potos\u00ed<br><strong>Encargados:<\/strong> H\u00e9ctor M \/ Gustavo<br><br><a href=\"https:\/\/wa.me\/5214447310579\" target=\"_blank\" rel=\"noopener\">\ud83d\udc49 WhatsApp: \ud83d\udcf1 444 731 0579<\/a><\/p>\n<\/div>\n<\/div>\n\n\n\n<div class=\"wp-block-column is-layout-flow wp-block-column-is-layout-flow\">\n<div class=\"wp-block-uagb-container uagb-block-fa43ea74\">\n<div class=\"wp-block-uagb-advanced-heading uagb-block-0108db03\"><h4 class=\"uagb-heading-text\">\ud83d\ude8d Tours Tripi-Ando<\/h4><\/div>\n\n\n\n<p><strong>Punto de salida:<\/strong> M\u00e9rida, Yucat\u00e1n<br><strong>Encargado:<\/strong> Gerardo Moreno<br><br>\ud83d\udc49 WhatsApp: <a href=\"https:\/\/wa.me\/5219994943016\" target=\"_blank\" rel=\"noopener\">\ud83d\udcf1 999 494 3016<br><\/a><\/p>\n<\/div>\n<\/div>\n<\/div>\n<\/div>\n<\/div>\n<\/div><\/div>\n\n\n\n<div class=\"wp-block-uagb-container uagb-block-c83d1681 alignfull uagb-is-root-container\"><div class=\"uagb-container-inner-blocks-wrap\">\n<div class=\"wp-block-uagb-container uagb-block-cac33e1d\">\n<div class=\"wp-block-uagb-container uagb-block-56610a63\">\n<h2 class=\"wp-block-heading has-text-align-center has-large-font-size\">\u26a0\ufe0f Importante<\/h2>\n\n\n\n<p class=\"has-text-align-center has-medium-font-size\">PsyCrisTrance facilita \u00fanicamente el contacto con los tours aliados.<br>Cada operador es responsable de su log\u00edstica, precios y pol\u00edticas de viaje.<\/p>\n\n\n\n<p class=\"has-text-align-center\">El acceso al festival se adquiere exclusivamente a trav\u00e9s de Eventbrite.<\/p>\n\n\n\n<div class=\"wp-block-buttons is-content-justification-center is-layout-flex wp-container-core-buttons-is-layout-a89b3969 wp-block-buttons-is-layout-flex\">\n<div class=\"wp-block-button\"><a class=\"wp-block-button__link wp-element-button\" href=\"https:\/\/psycristrance.com\/en\/accesos\/\">COMPRAR ACCESOS<\/a><\/div>\n<\/div>\n<\/div>\n<\/div>\n\n\n\n<div class=\"wp-block-uagb-container uagb-block-05d5ac1a\">\n<div class=\"wp-block-uagb-container uagb-block-e0517500\">\n<h3 class=\"wp-block-heading has-text-align-center has-medium-font-size\">\u00bfQuieres organizar un tour oficial hacia Psy San Cris Trance?<\/h3>\n\n\n\n<p class=\"has-text-align-center has-medium-font-size\">\ud83d\udc49 Postular como Tour Aliado escribiendo a hola@psycristrance.com<\/p>\n\n\n\n<div class=\"wp-block-buttons is-content-justification-center is-layout-flex wp-container-core-buttons-is-layout-a89b3969 wp-block-buttons-is-layout-flex\">\n<div class=\"wp-block-button\"><a class=\"wp-block-button__link wp-element-button\" href=\"mailto:hola@psycristrance.com\">postular tour<\/a><\/div>\n<\/div>\n<\/div>\n<\/div>\n<\/div><\/div>","protected":false},"excerpt":{"rendered":"<p>Tours Oficiales a PsyCris Trance 2026 Viaja en comunidad con los Tours Oficiales a PsyCris Trance 2026 CDMX y \u00c1rea MetropolitanaEstado de M\u00e9xicoInterior de la Rep\u00fablica Los tours Oficiales a PsyCrisTrance 2026 son organizados por colectivos aliados del festival. Te recomendamos contactar directamente al encargado de tu ciudad y reservar con anticipacion. CDMX Y \u00c1REA [&hellip;]<\/p>\n","protected":false},"author":1,"featured_media":0,"parent":0,"menu_order":0,"comment_status":"closed","ping_status":"closed","template":"","meta":{"_uag_custom_page_level_css":"","site-sidebar-layout":"default","site-content-layout":"","ast-site-content-layout":"default","site-content-style":"default","site-sidebar-style":"default","ast-global-header-display":"","ast-banner-title-visibility":"","ast-main-header-display":"","ast-hfb-above-header-display":"","ast-hfb-below-header-display":"","ast-hfb-mobile-header-display":"","site-post-title":"disabled","ast-breadcrumbs-content":"","ast-featured-img":"","footer-sml-layout":"","ast-disable-related-posts":"","theme-transparent-header-meta":"","adv-header-id-meta":"","stick-header-meta":"","header-above-stick-meta":"","header-main-stick-meta":"","header-below-stick-meta":"","astra-migrate-meta-layouts":"set","ast-page-background-enabled":"default","ast-page-background-meta":{"desktop":{"background-color":"","background-image":"","background-repeat":"repeat","background-position":"center center","background-size":"auto","background-attachment":"scroll","background-type":"","background-media":"","overlay-type":"","overlay-color":"","overlay-opacity":"","overlay-gradient":""},"tablet":{"background-color":"","background-image":"","background-repeat":"repeat","background-position":"center center","background-size":"auto","background-attachment":"scroll","background-type":"","background-media":"","overlay-type":"","overlay-color":"","overlay-opacity":"","overlay-gradient":""},"mobile":{"background-color":"","background-image":"","background-repeat":"repeat","background-position":"center center","background-size":"auto","background-attachment":"scroll","background-type":"","background-media":"","overlay-type":"","overlay-color":"","overlay-opacity":"","overlay-gradient":""}},"ast-content-background-meta":{"desktop":{"background-color":"var(--ast-global-color-4)","background-image":"","background-repeat":"repeat","background-position":"center center","background-size":"auto","background-attachment":"scroll","background-type":"","background-media":"","overlay-type":"","overlay-color":"","overlay-opacity":"","overlay-gradient":""},"tablet":{"background-color":"var(--ast-global-color-4)","background-image":"","background-repeat":"repeat","background-position":"center center","background-size":"auto","background-attachment":"scroll","background-type":"","background-media":"","overlay-type":"","overlay-color":"","overlay-opacity":"","overlay-gradient":""},"mobile":{"background-color":"var(--ast-global-color-4)","background-image":"","background-repeat":"repeat","background-position":"center center","background-size":"auto","background-attachment":"scroll","background-type":"","background-media":"","overlay-type":"","overlay-color":"","overlay-opacity":"","overlay-gradient":""}},"footnotes":""},"class_list":["post-2931","page","type-page","status-publish","hentry"],"_hostinger_reach_plugin_has_subscription_block":false,"_hostinger_reach_plugin_is_elementor":false,"uagb_featured_image_src":{"full":false,"thumbnail":false,"medium":false,"medium_large":false,"large":false,"1536x1536":false,"2048x2048":false,"trp-custom-language-flag":false,"mailpoet_newsletter_max":false,"_nx_notification_thumb_100_100":false,"_nx_notification_thumb_200_200":false,"_nx_notification_thumb_300_300":false,"_nx_notification_thumb_400_400":false,"_nx_notification_thumb_500_500":false,"eaw-thumbnail":false},"uagb_author_info":{"display_name":"psycristrancemx@proton.mx","author_link":"https:\/\/psycristrance.com\/en\/author\/psycristrancemxproton-mx\/"},"uagb_comment_info":0,"uagb_excerpt":"Tours Oficiales a PsyCris Trance 2026 Viaja en comunidad con los Tours Oficiales a PsyCris Trance 2026 CDMX y \u00c1rea MetropolitanaEstado de M\u00e9xicoInterior de la Rep\u00fablica Los tours Oficiales a PsyCrisTrance 2026 son organizados por colectivos aliados del festival. Te recomendamos contactar directamente al encargado de tu ciudad y reservar con anticipacion. CDMX Y \u00c1REA&hellip;","_links":{"self":[{"href":"https:\/\/psycristrance.com\/en\/wp-json\/wp\/v2\/pages\/2931","targetHints":{"allow":["GET"]}}],"collection":[{"href":"https:\/\/psycristrance.com\/en\/wp-json\/wp\/v2\/pages"}],"about":[{"href":"https:\/\/psycristrance.com\/en\/wp-json\/wp\/v2\/types\/page"}],"author":[{"embeddable":true,"href":"https:\/\/psycristrance.com\/en\/wp-json\/wp\/v2\/users\/1"}],"replies":[{"embeddable":true,"href":"https:\/\/psycristrance.com\/en\/wp-json\/wp\/v2\/comments?post=2931"}],"version-history":[{"count":34,"href":"https:\/\/psycristrance.com\/en\/wp-json\/wp\/v2\/pages\/2931\/revisions"}],"predecessor-version":[{"id":3009,"href":"https:\/\/psycristrance.com\/en\/wp-json\/wp\/v2\/pages\/2931\/revisions\/3009"}],"wp:attachment":[{"href":"https:\/\/psycristrance.com\/en\/wp-json\/wp\/v2\/media?parent=2931"}],"curies":[{"name":"wp","href":"https:\/\/api.w.org\/{rel}","templated":true}]}}